{"id":1893,"date":"2017-03-29T18:02:33","date_gmt":"2017-03-29T15:02:33","guid":{"rendered":"http:\/\/dalia.skan.us\/?page_id=1893"},"modified":"2021-03-04T11:32:25","modified_gmt":"2021-03-04T09:32:25","slug":"studija","status":"publish","type":"page","link":"https:\/\/daliacistovaite.com\/ru\/studija\/","title":{"rendered":"\u0421\u0442\u0443\u0434\u0438\u044f"},"content":{"rendered":"<p><img loading=\"lazy\" class=\"size-medium wp-image-4028 aligncenter\" src=\"http:\/\/daliacistovaite.com\/wp-content\/uploads\/2018\/02\/duru_iskaba_studija_galerija_smilties_pylimo_10_klaipeda-304x400.jpg\" alt=\"\" width=\"304\" height=\"400\" srcset=\"https:\/\/daliacistovaite.com\/wp-content\/uploads\/2018\/02\/duru_iskaba_studija_galerija_smilties_pylimo_10_klaipeda-304x400.jpg 304w, https:\/\/daliacistovaite.com\/wp-content\/uploads\/2018\/02\/duru_iskaba_studija_galerija_smilties_pylimo_10_klaipeda-152x200.jpg 152w, https:\/\/daliacistovaite.com\/wp-content\/uploads\/2018\/02\/duru_iskaba_studija_galerija_smilties_pylimo_10_klaipeda-768x1009.jpg 768w, https:\/\/daliacistovaite.com\/wp-content\/uploads\/2018\/02\/duru_iskaba_studija_galerija_smilties_pylimo_10_klaipeda-609x800.jpg 609w, https:\/\/daliacistovaite.com\/wp-content\/uploads\/2018\/02\/duru_iskaba_studija_galerija_smilties_pylimo_10_klaipeda.jpg 1461w\" sizes=\"(max-width: 304px) 100vw, 304px\" \/><\/p>\n<p><span style=\"color: #808000;\"><span style=\"font-size: large;\">\u041f\u0440\u0438\u0433\u043b\u0430\u0448\u0430\u044e \u0432\u0430\u0441 \u043f\u043e\u0441\u0435\u0442\u0438\u0442\u044c \u043c\u043e\u044e \u0421\u0442\u0443\u0434\u0438\u044e-\u0413\u0430\u043b\u0435\u0440\u0435\u044e, \u043a\u043e\u0442\u043e\u0440\u0430\u044f \u043d\u0430\u0445\u043e\u0434\u0438\u0442\u0441\u044f \u0432 \u041a\u043b\u0430\u0439\u043f\u0435\u0434\u0435, \u043d\u0430 \u0443\u044e\u0442\u043d\u043e\u0439, \u0441\u0442\u0430\u0440\u0438\u043d\u043d\u043e\u0439 \u0443\u043b\u0438\u0446\u0435 Smilties pylimo g. 10. \u0417\u0434\u0435\u0441\u044c \u0432\u044b \u043c\u043e\u0436\u0435\u0442\u0435 \u0443\u0432\u0438\u0434\u0435\u0442\u044c \u043c\u043e\u0438 \u0440\u0430\u0431\u043e\u0442\u044b, \u043a\u0443\u043f\u0438\u0442\u044c \u043a\u0430\u0440\u0442\u0438\u043d\u0443, \u0444\u043e\u0442\u043e, \u0448\u0435\u043b\u043a\u043e\u0432\u044b\u0439 \u0448\u0430\u0440\u0444 \u0438\u043b\u0438 \u0437\u0430\u043a\u0430\u0437\u0430\u0442\u044c \u0438\u043d\u0434\u0438\u0432\u0438\u0434\u0443\u0430\u043b\u044c\u043d\u0443\u044e \u0440\u0430\u0431\u043e\u0442\u0443.<\/span><\/span><\/p>\n<p><span style=\"color: #ffcc00;\"><span style=\"font-size: large;\">\u041f\u043e \u0432\u0435\u0447\u0435\u0440\u0430\u043c \u043e\u0440\u0433\u0430\u043d\u0438\u0437\u0443\u044e\u0442\u0441\u044f \u0445\u0443\u0434\u043e\u0436\u0435\u0441\u0442\u0432\u0435\u043d\u043d\u044b\u0435 \u0437\u0430\u043d\u044f\u0442\u0438\u044f \u0441\u0430\u043c\u043e\u0432\u044b\u0440\u0430\u0436\u0435\u043d\u0438\u044f \u0434\u043b\u044f \u0432\u0437\u0440\u043e\u0441\u043b\u044b\u0445 \u0438 \u0434\u0435\u0442\u0435\u0439, \u0443\u0440\u043e\u043a\u0438 \u0440\u0438\u0441\u043e\u0432\u0430\u043d\u0438\u044f \u043f\u043e \u0448\u0435\u043b\u043a\u0443, \u0438\u043d\u0434\u0438\u0432\u0438\u0434\u0443\u0430\u043b\u044c\u043d\u044b\u0435 \u0437\u0430\u043d\u044f\u0442\u0438\u044f \u0436\u0438\u0432\u043e\u043f\u0438\u0441\u044c\u044e \u0438 \u043a\u043e\u043c\u043f\u043e\u0437\u0438\u0446\u0438\u0435\u0439, \u043a\u043e\u043d\u0441\u0443\u043b\u044c\u0442\u0430\u0446\u0438\u0438, \u043f\u0440\u0430\u0437\u0434\u043d\u0438\u0447\u043d\u044b\u0435 \u0437\u0430\u043d\u044f\u0442\u0438\u044f \u0434\u043b\u044f \u0434\u0435\u0432\u0438\u0447\u043d\u0438\u043a\u043e\u0432, \u0434\u043d\u0438 \u0440\u043e\u0436\u0434\u0435\u043d\u0438\u044f, \u043b\u0438\u0447\u043d\u044bx \u043f\u0440\u0430\u0437\u0434\u043d\u0438\u043a\u0438.<\/span><\/span><\/p>\n<p><span style=\"color: #000000;\"><span style=\"font-size: large;\"><span style=\"color: #ffff99;\">\u0423 \u043a\u0430\u0436\u0434\u043e\u0433\u043e \u0447\u0435\u043b\u043e\u0432\u0435\u043a\u0430 \u0435\u0441\u0442\u044c \u0432\u0440\u043e\u0436\u0434\u0435\u043d\u043d\u0430\u044f \u0441\u043a\u043b\u043e\u043d\u043d\u043e\u0441\u0442\u044c \u043a \u043c\u0443\u0437\u044b\u043a\u0435, \u0440\u0438\u0441\u043e\u0432\u0430\u043d\u0438\u044e, \u0440\u0435\u043c\u0435\u0441\u043b\u0430\u043c \u0438 \u0442\u0435\u0445\u043d\u0438\u0447\u0435\u0441\u043a\u043e\u043c\u0443 \u0442\u0432\u043e\u0440\u0447\u0435\u0441\u0442\u0432\u0443. \u0423 \u043a\u0430\u0436\u0434\u043e\u0433\u043e \u0435\u0441\u0442\u044c \u0442\u0430\u043b\u0430\u043d\u0442\u044b \u0438 \u0441\u043f\u043e\u0441\u043e\u0431\u043d\u043e\u0441\u0442\u0438. \u0425\u0443\u0434\u043e\u0436\u0435\u0441\u0442\u0432\u0435\u043d\u043d\u043e\u0435 \u0442\u0432\u043e\u0440\u0447\u0435\u0441\u0442\u0432\u043e \u0438 \u0441\u0430\u043c\u043e\u0432\u044b\u0440\u0430\u0436\u0435\u043d\u0438\u0435 \u043f\u043e\u043c\u043e\u0433\u0430\u044e\u0442 \u0434\u043e\u0441\u0442\u0438\u0447\u044c \u043f\u043e\u043b\u043d\u043e\u0442\u044b \u0436\u0438\u0437\u043d\u0438, \u0438\u0441\u043f\u044b\u0442\u0430\u0442\u044c \u0440\u0430\u0434\u043e\u0441\u0442\u044c \u0442\u0432\u043e\u0440\u0447\u0435\u0441\u0442\u0432\u0430, \u0440\u0430\u0441\u0441\u043b\u0430\u0431\u0438\u0442\u044c\u0441\u044f \u043e\u0442 \u0441\u0442\u0440\u0435\u0441\u0441\u0430, \u043b\u0435\u0433\u0447\u0435 \u0438 \u0431\u043e\u043b\u0435\u0435 \u0442\u0432\u043e\u0440\u0447\u0435\u0441\u043a\u0438 \u0440\u0430\u0437\u043e\u0431\u0440\u0430\u0442\u0441\u044f \u0441 \u0436\u0438\u0437\u043d\u0435\u043d\u043d\u044b\u043c\u0438 \u0440\u0435\u0431\u0443\u0441\u0430\u043c\u0438.<\/span><br \/>\n<span style=\"color: #ffcc00;\">\u041f\u043e\u0434\u0440\u043e\u0431\u043d\u0435\u0435 \u043e \u043c\u0435\u0440\u043e\u043f\u0440\u0438\u044f\u0442\u0438\u044f\u0445 \u0432 \u041d\u041e\u0412\u041e\u0421\u0422\u042f\u0425 \u201c\u0421\u0442\u0443\u0434\u0438\u044f \u0436\u0438\u0432\u043e\u043f\u0438\u0441\u0438 \u043f\u0440\u0438\u0433\u043b\u0430\u0448\u0430\u0435\u0442 \u043d\u0430 \u0445\u0443\u0434\u043e\u0436\u0435\u0441\u0442\u0432\u0435\u043d\u043d\u044b\u0435 \u0437\u0430\u043d\u044f\u0442\u0438\u044f\u201d.<\/span><\/span><\/span><\/p>\n<p><span style=\"color: #99cc00;\"><span style=\"font-size: large;\">\u00a0\u00a0\u00a0\u00a0\u00a0\u00a0\u00a0\u00a0\u00a0\u00a0\u00a0\u00a0\u00a0\u00a0\u00a0\u00a0\u00a0\u00a0\u00a0\u00a0\u00a0\u00a0\u00a0\u00a0\u00a0\u00a0\u00a0\u00a0\u00a0\u00a0\u00a0\u00a0\u00a0\u00a0\u00a0\u00a0\u00a0\u00a0\u00a0\u00a0\u00a0\u00a0\u00a0\u00a0\u00a0\u00a0\u00a0\u00a0\u00a0\u00a0\u00a0\u00a0\u00a0\u00a0\u00a0\u00a0\u00a0\u00a0\u00a0\u00a0\u00a0\u00a0\u00a0\u00a0\u00a0 \u00a0 \u00a0 \u00a0 \u042f \u043f\u0440\u0438\u0433\u043b\u0430\u0448\u0430\u044e \u0432\u0430\u0441 \u0438\u0441\u043f\u044b\u0442\u0430\u0442\u044c \u042d\u0422\u041e!<\/span><\/span><\/p>\n<p><div id='gallery-3' class='gallery galleryid-1893 gallery-columns-3 gallery-size-full'><figure class='gallery-item'>\n\t\t\t<div class='gallery-icon landscape'>\n\t\t\t\t<a href='https:\/\/daliacistovaite.com\/ru\/studija\/_mg_0271\/'><img width=\"396\" height=\"396\" src=\"https:\/\/daliacistovaite.com\/wp-content\/uploads\/2017\/03\/MG_0271.jpg\" class=\"attachment-full size-full\" alt=\"\" loading=\"lazy\" aria-describedby=\"gallery-3-1990\" srcset=\"https:\/\/daliacistovaite.com\/wp-content\/uploads\/2017\/03\/MG_0271.jpg 396w, https:\/\/daliacistovaite.com\/wp-content\/uploads\/2017\/03\/MG_0271-100x100.jpg 100w\" sizes=\"100vw\" \/><\/a>\n\t\t\t<\/div>\n\t\t\t\t<figcaption class='wp-caption-text gallery-caption' id='gallery-3-1990'>\n\t\t\t\tD. \u010cistovait\u0117s tapybos STUDIJA-GALERIJA, Smilties pylimo g. 10, Klaip\u0117da\n\t\t\t\t<\/figcaption><\/figure><figure class='gallery-item'>\n\t\t\t<div class='gallery-icon landscape'>\n\t\t\t\t<a href='https:\/\/daliacistovaite.com\/ru\/studija\/d-cistovaites-studija-galerija-klaipedojesmilties-pylimo-102013\/'><img width=\"1024\" height=\"768\" src=\"https:\/\/daliacistovaite.com\/wp-content\/uploads\/2018\/02\/D.\u010cistovait\u0117s-Studija-Galerija-Klaip\u0117dojeSmilties-pylimo-102013.jpg\" class=\"attachment-full size-full\" alt=\"\" loading=\"lazy\" aria-describedby=\"gallery-3-4029\" srcset=\"https:\/\/daliacistovaite.com\/wp-content\/uploads\/2018\/02\/D.\u010cistovait\u0117s-Studija-Galerija-Klaip\u0117dojeSmilties-pylimo-102013.jpg 1024w, https:\/\/daliacistovaite.com\/wp-content\/uploads\/2018\/02\/D.\u010cistovait\u0117s-Studija-Galerija-Klaip\u0117dojeSmilties-pylimo-102013-200x150.jpg 200w, https:\/\/daliacistovaite.com\/wp-content\/uploads\/2018\/02\/D.\u010cistovait\u0117s-Studija-Galerija-Klaip\u0117dojeSmilties-pylimo-102013-400x300.jpg 400w, https:\/\/daliacistovaite.com\/wp-content\/uploads\/2018\/02\/D.\u010cistovait\u0117s-Studija-Galerija-Klaip\u0117dojeSmilties-pylimo-102013-768x576.jpg 768w, https:\/\/daliacistovaite.com\/wp-content\/uploads\/2018\/02\/D.\u010cistovait\u0117s-Studija-Galerija-Klaip\u0117dojeSmilties-pylimo-102013-800x600.jpg 800w\" sizes=\"100vw\" \/><\/a>\n\t\t\t<\/div>\n\t\t\t\t<figcaption class='wp-caption-text gallery-caption' id='gallery-3-4029'>\n\t\t\t\tEkspozicija, STUDIJA-GALERIJA, Smilties pylimo g. 10, Klaip\u0117da\n\t\t\t\t<\/figcaption><\/figure><figure class='gallery-item'>\n\t\t\t<div class='gallery-icon landscape'>\n\t\t\t\t<a href='https:\/\/daliacistovaite.com\/ru\/sudija2019_2\/'><img width=\"1024\" height=\"768\" src=\"https:\/\/daliacistovaite.com\/wp-content\/uploads\/2021\/03\/Sudija2019_2.jpg\" class=\"attachment-full size-full\" alt=\"\" loading=\"lazy\" aria-describedby=\"gallery-3-5224\" srcset=\"https:\/\/daliacistovaite.com\/wp-content\/uploads\/2021\/03\/Sudija2019_2.jpg 1024w, https:\/\/daliacistovaite.com\/wp-content\/uploads\/2021\/03\/Sudija2019_2-400x300.jpg 400w, https:\/\/daliacistovaite.com\/wp-content\/uploads\/2021\/03\/Sudija2019_2-800x600.jpg 800w, https:\/\/daliacistovaite.com\/wp-content\/uploads\/2021\/03\/Sudija2019_2-200x150.jpg 200w, https:\/\/daliacistovaite.com\/wp-content\/uploads\/2021\/03\/Sudija2019_2-768x576.jpg 768w\" sizes=\"100vw\" \/><\/a>\n\t\t\t<\/div>\n\t\t\t\t<figcaption class='wp-caption-text gallery-caption' id='gallery-3-5224'>\n\t\t\t\t\u042d\u043a\u0441\u043f\u043e\u0437\u0438\u0446\u0438\u044f, \u0421\u0422\u0423\u0414\u0418\u042f-\u0413\u0410\u041b\u0415\u0420\u0415\u042f, Smilties pylimo g. 10, Klaip\u0117da\n\t\t\t\t<\/figcaption><\/figure><figure class='gallery-item'>\n\t\t\t<div class='gallery-icon landscape'>\n\t\t\t\t<a href='https:\/\/daliacistovaite.com\/ru\/baltos_chrizantemos_2019_90_190_zorzetas1\/'><img width=\"2000\" height=\"1500\" src=\"https:\/\/daliacistovaite.com\/wp-content\/uploads\/2021\/03\/baltos_chrizantemos_2019_90_190_zorzetas1.jpg\" class=\"attachment-full size-full\" alt=\"\" loading=\"lazy\" aria-describedby=\"gallery-3-5223\" srcset=\"https:\/\/daliacistovaite.com\/wp-content\/uploads\/2021\/03\/baltos_chrizantemos_2019_90_190_zorzetas1.jpg 2000w, https:\/\/daliacistovaite.com\/wp-content\/uploads\/2021\/03\/baltos_chrizantemos_2019_90_190_zorzetas1-400x300.jpg 400w, https:\/\/daliacistovaite.com\/wp-content\/uploads\/2021\/03\/baltos_chrizantemos_2019_90_190_zorzetas1-800x600.jpg 800w, https:\/\/daliacistovaite.com\/wp-content\/uploads\/2021\/03\/baltos_chrizantemos_2019_90_190_zorzetas1-200x150.jpg 200w, https:\/\/daliacistovaite.com\/wp-content\/uploads\/2021\/03\/baltos_chrizantemos_2019_90_190_zorzetas1-768x576.jpg 768w, https:\/\/daliacistovaite.com\/wp-content\/uploads\/2021\/03\/baltos_chrizantemos_2019_90_190_zorzetas1-1536x1152.jpg 1536w\" sizes=\"100vw\" \/><\/a>\n\t\t\t<\/div>\n\t\t\t\t<figcaption class='wp-caption-text gallery-caption' id='gallery-3-5223'>\n\t\t\t\t\u042d\u043a\u0441\u043f\u043e\u0437\u0438\u0446\u0438\u044f, \u0421\u0422\u0423\u0414\u0418\u042f-\u0413\u0410\u041b\u0415\u0420\u0415\u042f, Smilties pylimo g. 10, Klaip\u0117da\n\t\t\t\t<\/figcaption><\/figure><figure class='gallery-item'>\n\t\t\t<div class='gallery-icon landscape'>\n\t\t\t\t<a href='https:\/\/daliacistovaite.com\/ru\/studija\/studija2016\/'><img width=\"1024\" height=\"723\" src=\"https:\/\/daliacistovaite.com\/wp-content\/uploads\/2018\/02\/Studija2016.jpg\" class=\"attachment-full size-full\" alt=\"\" loading=\"lazy\" aria-describedby=\"gallery-3-4035\" srcset=\"https:\/\/daliacistovaite.com\/wp-content\/uploads\/2018\/02\/Studija2016.jpg 1024w, https:\/\/daliacistovaite.com\/wp-content\/uploads\/2018\/02\/Studija2016-200x141.jpg 200w, https:\/\/daliacistovaite.com\/wp-content\/uploads\/2018\/02\/Studija2016-400x282.jpg 400w, https:\/\/daliacistovaite.com\/wp-content\/uploads\/2018\/02\/Studija2016-768x542.jpg 768w, https:\/\/daliacistovaite.com\/wp-content\/uploads\/2018\/02\/Studija2016-800x565.jpg 800w\" sizes=\"100vw\" \/><\/a>\n\t\t\t<\/div>\n\t\t\t\t<figcaption class='wp-caption-text gallery-caption' id='gallery-3-4035'>\n\t\t\t\tEkspozicija, STUDIJA-GALERIJA, Smilties pylimo g. 10, Klaip\u0117da\n\t\t\t\t<\/figcaption><\/figure><figure class='gallery-item'>\n\t\t\t<div class='gallery-icon landscape'>\n\t\t\t\t<a href='https:\/\/daliacistovaite.com\/ru\/studija\/studija2015det2\/'><img width=\"1024\" height=\"701\" src=\"https:\/\/daliacistovaite.com\/wp-content\/uploads\/2018\/02\/studija2015det2.jpg\" class=\"attachment-full size-full\" alt=\"\" loading=\"lazy\" aria-describedby=\"gallery-3-4034\" srcset=\"https:\/\/daliacistovaite.com\/wp-content\/uploads\/2018\/02\/studija2015det2.jpg 1024w, https:\/\/daliacistovaite.com\/wp-content\/uploads\/2018\/02\/studija2015det2-200x137.jpg 200w, https:\/\/daliacistovaite.com\/wp-content\/uploads\/2018\/02\/studija2015det2-400x274.jpg 400w, https:\/\/daliacistovaite.com\/wp-content\/uploads\/2018\/02\/studija2015det2-768x526.jpg 768w, https:\/\/daliacistovaite.com\/wp-content\/uploads\/2018\/02\/studija2015det2-800x548.jpg 800w\" sizes=\"100vw\" \/><\/a>\n\t\t\t<\/div>\n\t\t\t\t<figcaption class='wp-caption-text gallery-caption' id='gallery-3-4034'>\n\t\t\t\tSTUDIJA-GALERIJA, Smilties pylimo g. 10, Klaip\u0117da\n\t\t\t\t<\/figcaption><\/figure><figure class='gallery-item'>\n\t\t\t<div class='gallery-icon landscape'>\n\t\t\t\t<a href='https:\/\/daliacistovaite.com\/ru\/studija\/studija2015det1\/'><img width=\"1024\" height=\"744\" src=\"https:\/\/daliacistovaite.com\/wp-content\/uploads\/2018\/02\/studija2015det1.jpg\" class=\"attachment-full size-full\" alt=\"\" loading=\"lazy\" aria-describedby=\"gallery-3-4033\" srcset=\"https:\/\/daliacistovaite.com\/wp-content\/uploads\/2018\/02\/studija2015det1.jpg 1024w, https:\/\/daliacistovaite.com\/wp-content\/uploads\/2018\/02\/studija2015det1-200x145.jpg 200w, https:\/\/daliacistovaite.com\/wp-content\/uploads\/2018\/02\/studija2015det1-400x291.jpg 400w, https:\/\/daliacistovaite.com\/wp-content\/uploads\/2018\/02\/studija2015det1-768x558.jpg 768w, https:\/\/daliacistovaite.com\/wp-content\/uploads\/2018\/02\/studija2015det1-800x581.jpg 800w\" sizes=\"100vw\" \/><\/a>\n\t\t\t<\/div>\n\t\t\t\t<figcaption class='wp-caption-text gallery-caption' id='gallery-3-4033'>\n\t\t\t\tSTUDIJA-GALERIJA, Smilties pylimo g. 10, Klaip\u0117da\n\t\t\t\t<\/figcaption><\/figure><figure class='gallery-item'>\n\t\t\t<div class='gallery-icon landscape'>\n\t\t\t\t<a href='https:\/\/daliacistovaite.com\/ru\/studija\/v_jurate_daiva_2016\/'><img width=\"1024\" height=\"768\" src=\"https:\/\/daliacistovaite.com\/wp-content\/uploads\/2018\/02\/v_jurate_daiva_2016.jpg\" class=\"attachment-full size-full\" alt=\"\" loading=\"lazy\" aria-describedby=\"gallery-3-4036\" srcset=\"https:\/\/daliacistovaite.com\/wp-content\/uploads\/2018\/02\/v_jurate_daiva_2016.jpg 1024w, https:\/\/daliacistovaite.com\/wp-content\/uploads\/2018\/02\/v_jurate_daiva_2016-200x150.jpg 200w, https:\/\/daliacistovaite.com\/wp-content\/uploads\/2018\/02\/v_jurate_daiva_2016-400x300.jpg 400w, https:\/\/daliacistovaite.com\/wp-content\/uploads\/2018\/02\/v_jurate_daiva_2016-768x576.jpg 768w, https:\/\/daliacistovaite.com\/wp-content\/uploads\/2018\/02\/v_jurate_daiva_2016-800x600.jpg 800w\" sizes=\"100vw\" \/><\/a>\n\t\t\t<\/div>\n\t\t\t\t<figcaption class='wp-caption-text gallery-caption' id='gallery-3-4036'>\n\t\t\t\tJ\u016aRAT\u0116 ir DAIVA tapo \u0161ilk\u0105\n\t\t\t\t<\/figcaption><\/figure><figure class='gallery-item'>\n\t\t\t<div class='gallery-icon landscape'>\n\t\t\t\t<a href='https:\/\/daliacistovaite.com\/ru\/studija\/vaikai-piesia2015emilija-teja\/'><img width=\"1024\" height=\"768\" src=\"https:\/\/daliacistovaite.com\/wp-content\/uploads\/2018\/02\/vaikai-pie\u0161ia2015Emilija-T\u0117ja.jpg\" class=\"attachment-full size-full\" alt=\"\" loading=\"lazy\" aria-describedby=\"gallery-3-4037\" srcset=\"https:\/\/daliacistovaite.com\/wp-content\/uploads\/2018\/02\/vaikai-pie\u0161ia2015Emilija-T\u0117ja.jpg 1024w, https:\/\/daliacistovaite.com\/wp-content\/uploads\/2018\/02\/vaikai-pie\u0161ia2015Emilija-T\u0117ja-200x150.jpg 200w, https:\/\/daliacistovaite.com\/wp-content\/uploads\/2018\/02\/vaikai-pie\u0161ia2015Emilija-T\u0117ja-400x300.jpg 400w, https:\/\/daliacistovaite.com\/wp-content\/uploads\/2018\/02\/vaikai-pie\u0161ia2015Emilija-T\u0117ja-768x576.jpg 768w, https:\/\/daliacistovaite.com\/wp-content\/uploads\/2018\/02\/vaikai-pie\u0161ia2015Emilija-T\u0117ja-800x600.jpg 800w\" sizes=\"100vw\" \/><\/a>\n\t\t\t<\/div>\n\t\t\t\t<figcaption class='wp-caption-text gallery-caption' id='gallery-3-4037'>\n\t\t\t\tT\u0116JA ir EMILIJA tapo\n\t\t\t\t<\/figcaption><\/figure><figure class='gallery-item'>\n\t\t\t<div class='gallery-icon landscape'>\n\t\t\t\t<a href='https:\/\/daliacistovaite.com\/ru\/studija\/olympus-digital-camera-75\/'><img width=\"1024\" height=\"768\" src=\"https:\/\/daliacistovaite.com\/wp-content\/uploads\/2018\/02\/PC011797.jpg\" class=\"attachment-full size-full\" alt=\"\" loading=\"lazy\" aria-describedby=\"gallery-3-4031\" srcset=\"https:\/\/daliacistovaite.com\/wp-content\/uploads\/2018\/02\/PC011797.jpg 1024w, https:\/\/daliacistovaite.com\/wp-content\/uploads\/2018\/02\/PC011797-200x150.jpg 200w, https:\/\/daliacistovaite.com\/wp-content\/uploads\/2018\/02\/PC011797-400x300.jpg 400w, https:\/\/daliacistovaite.com\/wp-content\/uploads\/2018\/02\/PC011797-768x576.jpg 768w, https:\/\/daliacistovaite.com\/wp-content\/uploads\/2018\/02\/PC011797-800x600.jpg 800w\" sizes=\"100vw\" \/><\/a>\n\t\t\t<\/div>\n\t\t\t\t<figcaption class='wp-caption-text gallery-caption' id='gallery-3-4031'>\n\t\t\t\t\u0160ilko tapybos seminaras Garg\u017eduose, Vaik\u0173 bibliotekoje, 2012 m. Kurator\u0117 Danguol\u0117 Ru\u0161kien\u0117\n\t\t\t\t<\/figcaption><\/figure>\n\t\t<\/div>\n<\/p>","protected":false},"excerpt":{"rendered":"<p>\u041f\u0440\u0438\u0433\u043b\u0430\u0448\u0430\u044e \u0432\u0430\u0441 \u043f\u043e\u0441\u0435\u0442\u0438\u0442\u044c \u043c\u043e\u044e \u0421\u0442\u0443\u0434\u0438\u044e-\u0413\u0430\u043b\u0435\u0440\u0435\u044e, \u043a\u043e\u0442\u043e\u0440\u0430\u044f \u043d\u0430\u0445\u043e\u0434\u0438\u0442\u0441\u044f \u0432 \u041a\u043b\u0430\u0439\u043f\u0435\u0434\u0435, \u043d\u0430 \u0443\u044e\u0442\u043d\u043e\u0439, \u0441\u0442\u0430\u0440\u0438\u043d\u043d\u043e\u0439 \u0443\u043b\u0438\u0446\u0435 Smilties pylimo g. 10. \u0417\u0434\u0435\u0441\u044c \u0432\u044b \u043c\u043e\u0436\u0435\u0442\u0435 \u0443\u0432\u0438\u0434\u0435\u0442\u044c \u043c\u043e\u0438 \u0440\u0430\u0431\u043e\u0442\u044b, \u043a\u0443\u043f\u0438\u0442\u044c \u043a\u0430\u0440\u0442\u0438\u043d\u0443, \u0444\u043e\u0442\u043e, \u0448\u0435\u043b\u043a\u043e\u0432\u044b\u0439 \u0448\u0430\u0440\u0444 \u0438\u043b\u0438 \u0437\u0430\u043a\u0430\u0437\u0430\u0442\u044c \u0438\u043d\u0434\u0438\u0432\u0438\u0434\u0443\u0430\u043b\u044c\u043d\u0443\u044e \u0440\u0430\u0431\u043e\u0442\u0443. \u041f\u043e \u0432\u0435\u0447\u0435\u0440\u0430\u043c \u043e\u0440\u0433\u0430\u043d\u0438\u0437\u0443\u044e\u0442\u0441\u044f \u0445\u0443\u0434\u043e\u0436\u0435\u0441\u0442\u0432\u0435\u043d\u043d\u044b\u0435 \u0437\u0430\u043d\u044f\u0442\u0438\u044f \u0441\u0430\u043c\u043e\u0432\u044b\u0440\u0430\u0436\u0435\u043d\u0438\u044f \u0434\u043b\u044f \u0432\u0437\u0440\u043e\u0441\u043b\u044b\u0445 \u0438 \u0434\u0435\u0442\u0435\u0439, \u0443\u0440\u043e\u043a\u0438 \u0440\u0438\u0441\u043e\u0432\u0430\u043d\u0438\u044f \u043f\u043e \u0448\u0435\u043b\u043a\u0443, \u0438\u043d\u0434\u0438\u0432\u0438\u0434\u0443\u0430\u043b\u044c\u043d\u044b\u0435 \u0437\u0430\u043d\u044f\u0442\u0438\u044f \u0436\u0438\u0432\u043e\u043f\u0438\u0441\u044c\u044e \u0438 \u043a\u043e\u043c\u043f\u043e\u0437\u0438\u0446\u0438\u0435\u0439, \u043a\u043e\u043d\u0441\u0443\u043b\u044c\u0442\u0430\u0446\u0438\u0438, \u043f\u0440\u0430\u0437\u0434\u043d\u0438\u0447\u043d\u044b\u0435 \u0437\u0430\u043d\u044f\u0442\u0438\u044f \u0434\u043b\u044f &hellip; <\/p>\n<p class=\"link-more\"><a href=\"https:\/\/daliacistovaite.com\/ru\/studija\/\" class=\"more-link\">\u0427\u0438\u0442\u0430\u0442\u044c \u0434\u0430\u043b\u0435\u0435<span class=\"screen-reader-text\"> \u00ab\u0421\u0442\u0443\u0434\u0438\u044f\u00bb<\/span><\/a><\/p>\n","protected":false},"author":1,"featured_media":0,"parent":0,"menu_order":0,"comment_status":"closed","ping_status":"closed","template":"","meta":[],"categories":[],"tags":[],"_links":{"self":[{"href":"https:\/\/daliacistovaite.com\/ru\/wp-json\/wp\/v2\/pages\/1893"}],"collection":[{"href":"https:\/\/daliacistovaite.com\/ru\/wp-json\/wp\/v2\/pages"}],"about":[{"href":"https:\/\/daliacistovaite.com\/ru\/wp-json\/wp\/v2\/types\/page"}],"author":[{"embeddable":true,"href":"https:\/\/daliacistovaite.com\/ru\/wp-json\/wp\/v2\/users\/1"}],"replies":[{"embeddable":true,"href":"https:\/\/daliacistovaite.com\/ru\/wp-json\/wp\/v2\/comments?post=1893"}],"version-history":[{"count":60,"href":"https:\/\/daliacistovaite.com\/ru\/wp-json\/wp\/v2\/pages\/1893\/revisions"}],"predecessor-version":[{"id":5454,"href":"https:\/\/daliacistovaite.com\/ru\/wp-json\/wp\/v2\/pages\/1893\/revisions\/5454"}],"wp:attachment":[{"href":"https:\/\/daliacistovaite.com\/ru\/wp-json\/wp\/v2\/media?parent=1893"}],"wp:term":[{"taxonomy":"category","embeddable":true,"href":"https:\/\/daliacistovaite.com\/ru\/wp-json\/wp\/v2\/categories?post=1893"},{"taxonomy":"post_tag","embeddable":true,"href":"https:\/\/daliacistovaite.com\/ru\/wp-json\/wp\/v2\/tags?post=1893"}],"curies":[{"name":"wp","href":"https:\/\/api.w.org\/{rel}","templated":true}]}}