{"id":2064,"date":"2017-03-29T11:38:11","date_gmt":"2017-03-29T08:38:11","guid":{"rendered":"http:\/\/dalia.skan.us\/?page_id=2064"},"modified":"2019-12-05T11:20:15","modified_gmt":"2019-12-05T09:20:15","slug":"kiti","status":"publish","type":"page","link":"https:\/\/daliacistovaite.com\/lt\/piesiniai\/kiti\/","title":{"rendered":"\u0410kvarel\u0117s"},"content":{"rendered":"<div id='gallery-1' class='gallery galleryid-2064 gallery-columns-3 gallery-size-thumbnail'><figure class='gallery-item'>\n\t\t\t<div class='gallery-icon landscape'>\n\t\t\t\t<a href='https:\/\/daliacistovaite.com\/lt\/baltijos-tiltai-2018-7-oji-tarptautine-akvareles-bienale-vel-kaune-2018-spalis\/dalia_cistovaite_atostogu_uzrasai_pajuris_2018_90_120_su_paspartu_mazas\/'><img width=\"200\" height=\"131\" src=\"https:\/\/daliacistovaite.com\/wp-content\/uploads\/2018\/10\/dalia_cistovaite_atostogu_uzrasai_pajuris_2018_90_120_su_paspartu_mazas-200x131.jpg\" class=\"attachment-thumbnail size-thumbnail\" alt=\"\" loading=\"lazy\" aria-describedby=\"gallery-1-4392\" srcset=\"https:\/\/daliacistovaite.com\/wp-content\/uploads\/2018\/10\/dalia_cistovaite_atostogu_uzrasai_pajuris_2018_90_120_su_paspartu_mazas-200x131.jpg 200w, https:\/\/daliacistovaite.com\/wp-content\/uploads\/2018\/10\/dalia_cistovaite_atostogu_uzrasai_pajuris_2018_90_120_su_paspartu_mazas-400x262.jpg 400w, https:\/\/daliacistovaite.com\/wp-content\/uploads\/2018\/10\/dalia_cistovaite_atostogu_uzrasai_pajuris_2018_90_120_su_paspartu_mazas-768x503.jpg 768w, https:\/\/daliacistovaite.com\/wp-content\/uploads\/2018\/10\/dalia_cistovaite_atostogu_uzrasai_pajuris_2018_90_120_su_paspartu_mazas-800x523.jpg 800w, https:\/\/daliacistovaite.com\/wp-content\/uploads\/2018\/10\/dalia_cistovaite_atostogu_uzrasai_pajuris_2018_90_120_su_paspartu_mazas.jpg 1024w\" sizes=\"100vw\" \/><\/a>\n\t\t\t<\/div>\n\t\t\t\t<figcaption class='wp-caption-text gallery-caption' id='gallery-1-4392'>\n\t\t\t\tATOSTOG\u0172 U\u017dRA\u0160AI. PAJ\u016aRIS, 2018, 60&#215;90, popierius, akvarel\u0117\n\t\t\t\t<\/figcaption><\/figure><figure class='gallery-item'>\n\t\t\t<div class='gallery-icon portrait'>\n\t\t\t\t<a href='https:\/\/daliacistovaite.com\/lt\/baltijos-tiltai-2018-7-oji-tarptautine-akvareles-bienale-vel-kaune-2018-spalis\/dalia_cistovaite_atostogu_uzrasai_pajuris_fragm1\/'><img width=\"154\" height=\"200\" src=\"https:\/\/daliacistovaite.com\/wp-content\/uploads\/2018\/10\/dalia_cistovaite_atostogu_uzrasai_pajuris_fragm1-154x200.jpg\" class=\"attachment-thumbnail size-thumbnail\" alt=\"\" loading=\"lazy\" aria-describedby=\"gallery-1-4393\" srcset=\"https:\/\/daliacistovaite.com\/wp-content\/uploads\/2018\/10\/dalia_cistovaite_atostogu_uzrasai_pajuris_fragm1-154x200.jpg 154w, https:\/\/daliacistovaite.com\/wp-content\/uploads\/2018\/10\/dalia_cistovaite_atostogu_uzrasai_pajuris_fragm1-308x400.jpg 308w, https:\/\/daliacistovaite.com\/wp-content\/uploads\/2018\/10\/dalia_cistovaite_atostogu_uzrasai_pajuris_fragm1-768x998.jpg 768w, https:\/\/daliacistovaite.com\/wp-content\/uploads\/2018\/10\/dalia_cistovaite_atostogu_uzrasai_pajuris_fragm1-616x800.jpg 616w, https:\/\/daliacistovaite.com\/wp-content\/uploads\/2018\/10\/dalia_cistovaite_atostogu_uzrasai_pajuris_fragm1.jpg 788w\" sizes=\"100vw\" \/><\/a>\n\t\t\t<\/div>\n\t\t\t\t<figcaption class='wp-caption-text gallery-caption' id='gallery-1-4393'>\n\t\t\t\tATOSTOG\u0172 U\u017dRA\u0160AI. PAJ\u016aRIS, 2018, 60&#215;90, popierius, akvarel\u0117. Fragmentas (15&#215;10)\n\t\t\t\t<\/figcaption><\/figure><figure class='gallery-item'>\n\t\t\t<div class='gallery-icon portrait'>\n\t\t\t\t<a href='https:\/\/daliacistovaite.com\/lt\/baltijos-tiltai-2018-7-oji-tarptautine-akvareles-bienale-vel-kaune-2018-spalis\/dalia_cistovaite_atostogu_uzrasai_pajuris_fragm2\/'><img width=\"154\" height=\"200\" src=\"https:\/\/daliacistovaite.com\/wp-content\/uploads\/2018\/10\/dalia_cistovaite_atostogu_uzrasai_pajuris_fragm2-154x200.jpg\" class=\"attachment-thumbnail size-thumbnail\" alt=\"\" loading=\"lazy\" aria-describedby=\"gallery-1-4394\" srcset=\"https:\/\/daliacistovaite.com\/wp-content\/uploads\/2018\/10\/dalia_cistovaite_atostogu_uzrasai_pajuris_fragm2-154x200.jpg 154w, https:\/\/daliacistovaite.com\/wp-content\/uploads\/2018\/10\/dalia_cistovaite_atostogu_uzrasai_pajuris_fragm2-308x400.jpg 308w, https:\/\/daliacistovaite.com\/wp-content\/uploads\/2018\/10\/dalia_cistovaite_atostogu_uzrasai_pajuris_fragm2-768x997.jpg 768w, https:\/\/daliacistovaite.com\/wp-content\/uploads\/2018\/10\/dalia_cistovaite_atostogu_uzrasai_pajuris_fragm2-616x800.jpg 616w, https:\/\/daliacistovaite.com\/wp-content\/uploads\/2018\/10\/dalia_cistovaite_atostogu_uzrasai_pajuris_fragm2.jpg 789w\" sizes=\"100vw\" \/><\/a>\n\t\t\t<\/div>\n\t\t\t\t<figcaption class='wp-caption-text gallery-caption' id='gallery-1-4394'>\n\t\t\t\tATOSTOG\u0172 U\u017dRA\u0160AI. PAJ\u016aRIS, 2018, 60&#215;90, popierius, akvarel\u0117. Fragmentas (15&#215;10)\n\t\t\t\t<\/figcaption><\/figure><figure class='gallery-item'>\n\t\t\t<div class='gallery-icon portrait'>\n\t\t\t\t<a href='https:\/\/daliacistovaite.com\/lt\/baltijos-tiltai-2018-7-oji-tarptautine-akvareles-bienale-vel-kaune-2018-spalis\/dalia_cistovaite_atostogu_uzrasai_pajuris_fragm3\/'><img width=\"154\" height=\"200\" src=\"https:\/\/daliacistovaite.com\/wp-content\/uploads\/2018\/10\/dalia_cistovaite_atostogu_uzrasai_pajuris_fragm3-154x200.jpg\" class=\"attachment-thumbnail size-thumbnail\" alt=\"\" loading=\"lazy\" aria-describedby=\"gallery-1-4395\" srcset=\"https:\/\/daliacistovaite.com\/wp-content\/uploads\/2018\/10\/dalia_cistovaite_atostogu_uzrasai_pajuris_fragm3-154x200.jpg 154w, https:\/\/daliacistovaite.com\/wp-content\/uploads\/2018\/10\/dalia_cistovaite_atostogu_uzrasai_pajuris_fragm3-308x400.jpg 308w, https:\/\/daliacistovaite.com\/wp-content\/uploads\/2018\/10\/dalia_cistovaite_atostogu_uzrasai_pajuris_fragm3-768x998.jpg 768w, https:\/\/daliacistovaite.com\/wp-content\/uploads\/2018\/10\/dalia_cistovaite_atostogu_uzrasai_pajuris_fragm3-616x800.jpg 616w, https:\/\/daliacistovaite.com\/wp-content\/uploads\/2018\/10\/dalia_cistovaite_atostogu_uzrasai_pajuris_fragm3.jpg 788w\" sizes=\"100vw\" \/><\/a>\n\t\t\t<\/div>\n\t\t\t\t<figcaption class='wp-caption-text gallery-caption' id='gallery-1-4395'>\n\t\t\t\tATOSTOG\u0172 U\u017dRA\u0160AI. PAJ\u016aRIS, 2018, 60&#215;90, popierius, akvarel\u0117. Fragmentas (15&#215;10)\n\t\t\t\t<\/figcaption><\/figure><figure class='gallery-item'>\n\t\t\t<div class='gallery-icon portrait'>\n\t\t\t\t<a href='https:\/\/daliacistovaite.com\/lt\/baltijos-tiltai-2018-7-oji-tarptautine-akvareles-bienale-vel-kaune-2018-spalis\/dalia_cistovaite_atostogu_uzrasai_pajuris_fragm4\/'><img width=\"154\" height=\"200\" src=\"https:\/\/daliacistovaite.com\/wp-content\/uploads\/2018\/10\/dalia_cistovaite_atostogu_uzrasai_pajuris_fragm4-154x200.jpg\" class=\"attachment-thumbnail size-thumbnail\" alt=\"\" loading=\"lazy\" aria-describedby=\"gallery-1-4396\" srcset=\"https:\/\/daliacistovaite.com\/wp-content\/uploads\/2018\/10\/dalia_cistovaite_atostogu_uzrasai_pajuris_fragm4-154x200.jpg 154w, https:\/\/daliacistovaite.com\/wp-content\/uploads\/2018\/10\/dalia_cistovaite_atostogu_uzrasai_pajuris_fragm4-308x400.jpg 308w, https:\/\/daliacistovaite.com\/wp-content\/uploads\/2018\/10\/dalia_cistovaite_atostogu_uzrasai_pajuris_fragm4-768x997.jpg 768w, https:\/\/daliacistovaite.com\/wp-content\/uploads\/2018\/10\/dalia_cistovaite_atostogu_uzrasai_pajuris_fragm4-616x800.jpg 616w, https:\/\/daliacistovaite.com\/wp-content\/uploads\/2018\/10\/dalia_cistovaite_atostogu_uzrasai_pajuris_fragm4.jpg 789w\" sizes=\"100vw\" \/><\/a>\n\t\t\t<\/div>\n\t\t\t\t<figcaption class='wp-caption-text gallery-caption' id='gallery-1-4396'>\n\t\t\t\tATOSTOG\u0172 U\u017dRA\u0160AI. PAJ\u016aRIS, 2018, 60&#215;90, popierius, akvarel\u0117. Fragmentas (15&#215;10)\n\t\t\t\t<\/figcaption><\/figure><figure class='gallery-item'>\n\t\t\t<div class='gallery-icon portrait'>\n\t\t\t\t<a href='https:\/\/daliacistovaite.com\/lt\/baltijos-tiltai-2018-7-oji-tarptautine-akvareles-bienale-vel-kaune-2018-spalis\/dalia_cistovaite_atostogu_uzrasai_pajuris_fragm5\/'><img width=\"156\" height=\"200\" src=\"https:\/\/daliacistovaite.com\/wp-content\/uploads\/2018\/10\/dalia_cistovaite_atostogu_uzrasai_pajuris_fragm5-156x200.jpg\" class=\"attachment-thumbnail size-thumbnail\" alt=\"\" loading=\"lazy\" aria-describedby=\"gallery-1-4397\" srcset=\"https:\/\/daliacistovaite.com\/wp-content\/uploads\/2018\/10\/dalia_cistovaite_atostogu_uzrasai_pajuris_fragm5-156x200.jpg 156w, https:\/\/daliacistovaite.com\/wp-content\/uploads\/2018\/10\/dalia_cistovaite_atostogu_uzrasai_pajuris_fragm5-311x400.jpg 311w, https:\/\/daliacistovaite.com\/wp-content\/uploads\/2018\/10\/dalia_cistovaite_atostogu_uzrasai_pajuris_fragm5-768x987.jpg 768w, https:\/\/daliacistovaite.com\/wp-content\/uploads\/2018\/10\/dalia_cistovaite_atostogu_uzrasai_pajuris_fragm5-623x800.jpg 623w, https:\/\/daliacistovaite.com\/wp-content\/uploads\/2018\/10\/dalia_cistovaite_atostogu_uzrasai_pajuris_fragm5.jpg 797w\" sizes=\"100vw\" \/><\/a>\n\t\t\t<\/div>\n\t\t\t\t<figcaption class='wp-caption-text gallery-caption' id='gallery-1-4397'>\n\t\t\t\tATOSTOG\u0172 U\u017dRA\u0160AI. PAJ\u016aRIS, 2018, 60&#215;90, popierius, akvarel\u0117. Fragmentas (15&#215;10)\n\t\t\t\t<\/figcaption><\/figure><figure class='gallery-item'>\n\t\t\t<div class='gallery-icon portrait'>\n\t\t\t\t<a href='https:\/\/daliacistovaite.com\/lt\/baltijos-tiltai-2018-7-oji-tarptautine-akvareles-bienale-vel-kaune-2018-spalis\/dalia_cistovaite_atostogu_uzrasai_pajuris_fragm6\/'><img width=\"154\" height=\"200\" src=\"https:\/\/daliacistovaite.com\/wp-content\/uploads\/2018\/10\/dalia_cistovaite_atostogu_uzrasai_pajuris_fragm6-154x200.jpg\" class=\"attachment-thumbnail size-thumbnail\" alt=\"\" loading=\"lazy\" aria-describedby=\"gallery-1-4398\" srcset=\"https:\/\/daliacistovaite.com\/wp-content\/uploads\/2018\/10\/dalia_cistovaite_atostogu_uzrasai_pajuris_fragm6-154x200.jpg 154w, https:\/\/daliacistovaite.com\/wp-content\/uploads\/2018\/10\/dalia_cistovaite_atostogu_uzrasai_pajuris_fragm6-309x400.jpg 309w, https:\/\/daliacistovaite.com\/wp-content\/uploads\/2018\/10\/dalia_cistovaite_atostogu_uzrasai_pajuris_fragm6-768x994.jpg 768w, https:\/\/daliacistovaite.com\/wp-content\/uploads\/2018\/10\/dalia_cistovaite_atostogu_uzrasai_pajuris_fragm6-618x800.jpg 618w, https:\/\/daliacistovaite.com\/wp-content\/uploads\/2018\/10\/dalia_cistovaite_atostogu_uzrasai_pajuris_fragm6.jpg 791w\" sizes=\"100vw\" \/><\/a>\n\t\t\t<\/div>\n\t\t\t\t<figcaption class='wp-caption-text gallery-caption' id='gallery-1-4398'>\n\t\t\t\tATOSTOG\u0172 U\u017dRA\u0160AI. PAJ\u016aRIS, 2018, 60&#215;90, popierius, akvarel\u0117. Fragmentas (15&#215;10)\n\t\t\t\t<\/figcaption><\/figure><figure class='gallery-item'>\n\t\t\t<div class='gallery-icon landscape'>\n\t\t\t\t<a href='https:\/\/daliacistovaite.com\/lt\/sauletekis_druskininkuose3_2018_mazas\/'><img width=\"200\" height=\"147\" src=\"https:\/\/daliacistovaite.com\/wp-content\/uploads\/2019\/04\/sauletekis_druskininkuose3_2018_mazas-200x147.jpg\" class=\"attachment-thumbnail size-thumbnail\" alt=\"\" loading=\"lazy\" aria-describedby=\"gallery-1-4737\" srcset=\"https:\/\/daliacistovaite.com\/wp-content\/uploads\/2019\/04\/sauletekis_druskininkuose3_2018_mazas-200x147.jpg 200w, https:\/\/daliacistovaite.com\/wp-content\/uploads\/2019\/04\/sauletekis_druskininkuose3_2018_mazas-400x295.jpg 400w, https:\/\/daliacistovaite.com\/wp-content\/uploads\/2019\/04\/sauletekis_druskininkuose3_2018_mazas-768x566.jpg 768w, https:\/\/daliacistovaite.com\/wp-content\/uploads\/2019\/04\/sauletekis_druskininkuose3_2018_mazas-800x590.jpg 800w, https:\/\/daliacistovaite.com\/wp-content\/uploads\/2019\/04\/sauletekis_druskininkuose3_2018_mazas.jpg 1024w\" sizes=\"100vw\" \/><\/a>\n\t\t\t<\/div>\n\t\t\t\t<figcaption class='wp-caption-text gallery-caption' id='gallery-1-4737'>\n\t\t\t\tSAUL\u0116TEKIS VIR\u0160 NEMUNO DRUSKININKUOSE, 3, 15&#215;20, popierius, akvarel\u0117\n\t\t\t\t<\/figcaption><\/figure><figure class='gallery-item'>\n\t\t\t<div class='gallery-icon landscape'>\n\t\t\t\t<a href='https:\/\/daliacistovaite.com\/lt\/sauletekis_druskininkuose2_2018\/'><img width=\"200\" height=\"155\" src=\"https:\/\/daliacistovaite.com\/wp-content\/uploads\/2019\/04\/sauletekis_druskininkuose2_2018-200x155.jpg\" class=\"attachment-thumbnail size-thumbnail\" alt=\"\" loading=\"lazy\" aria-describedby=\"gallery-1-4739\" srcset=\"https:\/\/daliacistovaite.com\/wp-content\/uploads\/2019\/04\/sauletekis_druskininkuose2_2018-200x155.jpg 200w, https:\/\/daliacistovaite.com\/wp-content\/uploads\/2019\/04\/sauletekis_druskininkuose2_2018-400x310.jpg 400w, https:\/\/daliacistovaite.com\/wp-content\/uploads\/2019\/04\/sauletekis_druskininkuose2_2018-768x594.jpg 768w, https:\/\/daliacistovaite.com\/wp-content\/uploads\/2019\/04\/sauletekis_druskininkuose2_2018-800x619.jpg 800w\" sizes=\"100vw\" \/><\/a>\n\t\t\t<\/div>\n\t\t\t\t<figcaption class='wp-caption-text gallery-caption' id='gallery-1-4739'>\n\t\t\t\tSAUL\u0116TEKIS VIR\u0160 NEMUNO DRUSKININKUOSE, 1, 15&#215;20, popierius, akvarel\u0117\n\t\t\t\t<\/figcaption><\/figure><figure class='gallery-item'>\n\t\t\t<div class='gallery-icon landscape'>\n\t\t\t\t<a href='https:\/\/daliacistovaite.com\/lt\/ratnycele_druskininkai_2018_mazas\/'><img width=\"200\" height=\"153\" src=\"https:\/\/daliacistovaite.com\/wp-content\/uploads\/2019\/04\/ratnycele_druskininkai_2018_mazas-200x153.jpg\" class=\"attachment-thumbnail size-thumbnail\" alt=\"\" loading=\"lazy\" aria-describedby=\"gallery-1-4735\" srcset=\"https:\/\/daliacistovaite.com\/wp-content\/uploads\/2019\/04\/ratnycele_druskininkai_2018_mazas-200x153.jpg 200w, https:\/\/daliacistovaite.com\/wp-content\/uploads\/2019\/04\/ratnycele_druskininkai_2018_mazas-400x307.jpg 400w, https:\/\/daliacistovaite.com\/wp-content\/uploads\/2019\/04\/ratnycele_druskininkai_2018_mazas-768x589.jpg 768w, https:\/\/daliacistovaite.com\/wp-content\/uploads\/2019\/04\/ratnycele_druskininkai_2018_mazas-800x613.jpg 800w, https:\/\/daliacistovaite.com\/wp-content\/uploads\/2019\/04\/ratnycele_druskininkai_2018_mazas.jpg 1024w\" sizes=\"100vw\" \/><\/a>\n\t\t\t<\/div>\n\t\t\t\t<figcaption class='wp-caption-text gallery-caption' id='gallery-1-4735'>\n\t\t\t\tRATNY\u010c\u0116L\u0116. DRUSKININKAI, 2018, 15&#215;20, popierius, akvarel\u0117\n\t\t\t\t<\/figcaption><\/figure><figure class='gallery-item'>\n\t\t\t<div class='gallery-icon landscape'>\n\t\t\t\t<a href='https:\/\/daliacistovaite.com\/lt\/sauluciu_pieva_druskininkai_2018_mazas\/'><img width=\"200\" height=\"151\" src=\"https:\/\/daliacistovaite.com\/wp-content\/uploads\/2019\/04\/sauluciu_pieva_druskininkai_2018_mazas-200x151.jpg\" class=\"attachment-thumbnail size-thumbnail\" alt=\"\" loading=\"lazy\" aria-describedby=\"gallery-1-4738\" srcset=\"https:\/\/daliacistovaite.com\/wp-content\/uploads\/2019\/04\/sauluciu_pieva_druskininkai_2018_mazas-200x151.jpg 200w, https:\/\/daliacistovaite.com\/wp-content\/uploads\/2019\/04\/sauluciu_pieva_druskininkai_2018_mazas-400x302.jpg 400w, https:\/\/daliacistovaite.com\/wp-content\/uploads\/2019\/04\/sauluciu_pieva_druskininkai_2018_mazas-768x579.jpg 768w, https:\/\/daliacistovaite.com\/wp-content\/uploads\/2019\/04\/sauluciu_pieva_druskininkai_2018_mazas-800x603.jpg 800w, https:\/\/daliacistovaite.com\/wp-content\/uploads\/2019\/04\/sauluciu_pieva_druskininkai_2018_mazas.jpg 1024w\" sizes=\"100vw\" \/><\/a>\n\t\t\t<\/div>\n\t\t\t\t<figcaption class='wp-caption-text gallery-caption' id='gallery-1-4738'>\n\t\t\t\tSAULU\u010cI\u0172 J\u016aRA, 2018, 15&#215;20, popierius, akvarel\u0117\n\t\t\t\t<\/figcaption><\/figure><figure class='gallery-item'>\n\t\t\t<div class='gallery-icon landscape'>\n\t\t\t\t<a href='https:\/\/daliacistovaite.com\/lt\/liaudies_meistro_kurinys_druskininkai_2018_mazas\/'><img width=\"200\" height=\"150\" src=\"https:\/\/daliacistovaite.com\/wp-content\/uploads\/2019\/04\/liaudies_meistro_kurinys_druskininkai_2018_mazas-200x150.jpg\" class=\"attachment-thumbnail size-thumbnail\" alt=\"\" loading=\"lazy\" aria-describedby=\"gallery-1-4736\" srcset=\"https:\/\/daliacistovaite.com\/wp-content\/uploads\/2019\/04\/liaudies_meistro_kurinys_druskininkai_2018_mazas-200x150.jpg 200w, https:\/\/daliacistovaite.com\/wp-content\/uploads\/2019\/04\/liaudies_meistro_kurinys_druskininkai_2018_mazas-400x300.jpg 400w, https:\/\/daliacistovaite.com\/wp-content\/uploads\/2019\/04\/liaudies_meistro_kurinys_druskininkai_2018_mazas-768x575.jpg 768w, https:\/\/daliacistovaite.com\/wp-content\/uploads\/2019\/04\/liaudies_meistro_kurinys_druskininkai_2018_mazas-800x599.jpg 800w, https:\/\/daliacistovaite.com\/wp-content\/uploads\/2019\/04\/liaudies_meistro_kurinys_druskininkai_2018_mazas.jpg 1024w\" sizes=\"100vw\" \/><\/a>\n\t\t\t<\/div>\n\t\t\t\t<figcaption class='wp-caption-text gallery-caption' id='gallery-1-4736'>\n\t\t\t\tLIAUDIES SKULPTORIAUS K\u016aRINIO MOTYVAIS, 2018, 15X20, popierius, akvarel\u0117\n\t\t\t\t<\/figcaption><\/figure>\n\t\t<\/div>\n\n","protected":false},"excerpt":{"rendered":"","protected":false},"author":1,"featured_media":4392,"parent":1901,"menu_order":0,"comment_status":"closed","ping_status":"closed","template":"","meta":[],"categories":[203],"tags":[],"_links":{"self":[{"href":"https:\/\/daliacistovaite.com\/lt\/wp-json\/wp\/v2\/pages\/2064"}],"collection":[{"href":"https:\/\/daliacistovaite.com\/lt\/wp-json\/wp\/v2\/pages"}],"about":[{"href":"https:\/\/daliacistovaite.com\/lt\/wp-json\/wp\/v2\/types\/page"}],"author":[{"embeddable":true,"href":"https:\/\/daliacistovaite.com\/lt\/wp-json\/wp\/v2\/users\/1"}],"replies":[{"embeddable":true,"href":"https:\/\/daliacistovaite.com\/lt\/wp-json\/wp\/v2\/comments?post=2064"}],"version-history":[{"count":7,"href":"https:\/\/daliacistovaite.com\/lt\/wp-json\/wp\/v2\/pages\/2064\/revisions"}],"predecessor-version":[{"id":4911,"href":"https:\/\/daliacistovaite.com\/lt\/wp-json\/wp\/v2\/pages\/2064\/revisions\/4911"}],"up":[{"embeddable":true,"href":"https:\/\/daliacistovaite.com\/lt\/wp-json\/wp\/v2\/pages\/1901"}],"wp:featuredmedia":[{"embeddable":true,"href":"https:\/\/daliacistovaite.com\/lt\/wp-json\/wp\/v2\/media\/4392"}],"wp:attachment":[{"href":"https:\/\/daliacistovaite.com\/lt\/wp-json\/wp\/v2\/media?parent=2064"}],"wp:term":[{"taxonomy":"category","embeddable":true,"href":"https:\/\/daliacistovaite.com\/lt\/wp-json\/wp\/v2\/categories?post=2064"},{"taxonomy":"post_tag","embeddable":true,"href":"https:\/\/daliacistovaite.com\/lt\/wp-json\/wp\/v2\/tags?post=2064"}],"curies":[{"name":"wp","href":"https:\/\/api.w.org\/{rel}","templated":true}]}}