{"id":2043,"date":"2017-03-30T11:32:27","date_gmt":"2017-03-30T08:32:27","guid":{"rendered":"http:\/\/dalia.skan.us\/?page_id=2043"},"modified":"2019-01-23T17:30:33","modified_gmt":"2019-01-23T14:30:33","slug":"mediniai","status":"publish","type":"page","link":"https:\/\/daliacistovaite.com\/lt\/tapyba\/mediniai\/","title":{"rendered":"Mediniai"},"content":{"rendered":"<div id='gallery-1' class='gallery galleryid-2043 gallery-columns-3 gallery-size-medium'><figure class='gallery-item'>\n\t\t\t<div class='gallery-icon portrait'>\n\t\t\t\t<a href='https:\/\/daliacistovaite.com\/lt\/tapyba\/akmeneliai-ir-geles\/gaivus\/'><img width=\"400\" height=\"400\" src=\"https:\/\/daliacistovaite.com\/wp-content\/uploads\/2018\/01\/gaivus-400x400.jpg\" class=\"attachment-medium size-medium\" alt=\"\" loading=\"lazy\" aria-describedby=\"gallery-1-3123\" srcset=\"https:\/\/daliacistovaite.com\/wp-content\/uploads\/2018\/01\/gaivus-400x400.jpg 400w, https:\/\/daliacistovaite.com\/wp-content\/uploads\/2018\/01\/gaivus-200x200.jpg 200w, https:\/\/daliacistovaite.com\/wp-content\/uploads\/2018\/01\/gaivus-768x770.jpg 768w, https:\/\/daliacistovaite.com\/wp-content\/uploads\/2018\/01\/gaivus-798x800.jpg 798w, https:\/\/daliacistovaite.com\/wp-content\/uploads\/2018\/01\/gaivus-100x100.jpg 100w, https:\/\/daliacistovaite.com\/wp-content\/uploads\/2018\/01\/gaivus.jpg 1024w\" sizes=\"100vw\" \/><\/a>\n\t\t\t<\/div>\n\t\t\t\t<figcaption class='wp-caption-text gallery-caption' id='gallery-1-3123'>\n\t\t\t\tPAKRANT\u0116S LABIRINTAI. GAIVUS. 2014, 30X30, medis, akrilas  (parduotas)\n\t\t\t\t<\/figcaption><\/figure><figure class='gallery-item'>\n\t\t\t<div class='gallery-icon landscape'>\n\t\t\t\t<a href='https:\/\/daliacistovaite.com\/lt\/tapyba\/akmeneliai-ir-geles\/ejimas_is_labirinto\/'><img width=\"400\" height=\"400\" src=\"https:\/\/daliacistovaite.com\/wp-content\/uploads\/2018\/01\/ejimas_is_labirinto-400x400.jpg\" class=\"attachment-medium size-medium\" alt=\"\" loading=\"lazy\" aria-describedby=\"gallery-1-3130\" srcset=\"https:\/\/daliacistovaite.com\/wp-content\/uploads\/2018\/01\/ejimas_is_labirinto-400x400.jpg 400w, https:\/\/daliacistovaite.com\/wp-content\/uploads\/2018\/01\/ejimas_is_labirinto-200x200.jpg 200w, https:\/\/daliacistovaite.com\/wp-content\/uploads\/2018\/01\/ejimas_is_labirinto-768x767.jpg 768w, https:\/\/daliacistovaite.com\/wp-content\/uploads\/2018\/01\/ejimas_is_labirinto-800x800.jpg 800w, https:\/\/daliacistovaite.com\/wp-content\/uploads\/2018\/01\/ejimas_is_labirinto-100x100.jpg 100w, https:\/\/daliacistovaite.com\/wp-content\/uploads\/2018\/01\/ejimas_is_labirinto.jpg 1200w\" sizes=\"100vw\" \/><\/a>\n\t\t\t<\/div>\n\t\t\t\t<figcaption class='wp-caption-text gallery-caption' id='gallery-1-3130'>\n\t\t\t\t\u0116JIMAS I\u0160 LABIRINTO, 2011, 120&#215;120, medis, akrilas\n\t\t\t\t<\/figcaption><\/figure><figure class='gallery-item'>\n\t\t\t<div class='gallery-icon portrait'>\n\t\t\t\t<a href='https:\/\/daliacistovaite.com\/lt\/tapyba\/akmeneliai-ir-geles\/vakarejantis\/'><img width=\"396\" height=\"400\" src=\"https:\/\/daliacistovaite.com\/wp-content\/uploads\/2018\/01\/vakarejantis-396x400.jpg\" class=\"attachment-medium size-medium\" alt=\"\" loading=\"lazy\" aria-describedby=\"gallery-1-3124\" srcset=\"https:\/\/daliacistovaite.com\/wp-content\/uploads\/2018\/01\/vakarejantis-396x400.jpg 396w, https:\/\/daliacistovaite.com\/wp-content\/uploads\/2018\/01\/vakarejantis-198x200.jpg 198w, https:\/\/daliacistovaite.com\/wp-content\/uploads\/2018\/01\/vakarejantis-768x776.jpg 768w, https:\/\/daliacistovaite.com\/wp-content\/uploads\/2018\/01\/vakarejantis-792x800.jpg 792w, https:\/\/daliacistovaite.com\/wp-content\/uploads\/2018\/01\/vakarejantis-100x100.jpg 100w, https:\/\/daliacistovaite.com\/wp-content\/uploads\/2018\/01\/vakarejantis.jpg 1024w\" sizes=\"100vw\" \/><\/a>\n\t\t\t<\/div>\n\t\t\t\t<figcaption class='wp-caption-text gallery-caption' id='gallery-1-3124'>\n\t\t\t\tPAKRANT\u0116S LABIRINTAI. VAKAR\u0116JANTIS, 2014, 30&#215;30,  medis, akrilas\n\t\t\t\t<\/figcaption><\/figure><figure class='gallery-item'>\n\t\t\t<div class='gallery-icon portrait'>\n\t\t\t\t<a href='https:\/\/daliacistovaite.com\/lt\/tapyba\/akmeneliai-ir-geles\/saldus\/'><img width=\"398\" height=\"400\" src=\"https:\/\/daliacistovaite.com\/wp-content\/uploads\/2018\/01\/saldus-398x400.jpg\" class=\"attachment-medium size-medium\" alt=\"\" loading=\"lazy\" aria-describedby=\"gallery-1-3121\" srcset=\"https:\/\/daliacistovaite.com\/wp-content\/uploads\/2018\/01\/saldus-398x400.jpg 398w, https:\/\/daliacistovaite.com\/wp-content\/uploads\/2018\/01\/saldus-200x200.jpg 200w, https:\/\/daliacistovaite.com\/wp-content\/uploads\/2018\/01\/saldus-768x772.jpg 768w, https:\/\/daliacistovaite.com\/wp-content\/uploads\/2018\/01\/saldus-796x800.jpg 796w, https:\/\/daliacistovaite.com\/wp-content\/uploads\/2018\/01\/saldus-100x100.jpg 100w, https:\/\/daliacistovaite.com\/wp-content\/uploads\/2018\/01\/saldus.jpg 1024w\" sizes=\"100vw\" \/><\/a>\n\t\t\t<\/div>\n\t\t\t\t<figcaption class='wp-caption-text gallery-caption' id='gallery-1-3121'>\n\t\t\t\tPAKRANT\u0116S LABIRINTAI. SALDUS. 2014, 30X30, medis, akrilas  (parduotas)\n\t\t\t\t<\/figcaption><\/figure><figure class='gallery-item'>\n\t\t\t<div class='gallery-icon landscape'>\n\t\t\t\t<a href='https:\/\/daliacistovaite.com\/lt\/tapyba\/mediniai\/laukiantis_2014_60x90\/'><img width=\"400\" height=\"264\" src=\"https:\/\/daliacistovaite.com\/wp-content\/uploads\/2018\/01\/Laukiantis_2014_60x90-400x264.jpg\" class=\"attachment-medium size-medium\" alt=\"\" loading=\"lazy\" aria-describedby=\"gallery-1-3440\" srcset=\"https:\/\/daliacistovaite.com\/wp-content\/uploads\/2018\/01\/Laukiantis_2014_60x90-400x264.jpg 400w, https:\/\/daliacistovaite.com\/wp-content\/uploads\/2018\/01\/Laukiantis_2014_60x90-200x132.jpg 200w, https:\/\/daliacistovaite.com\/wp-content\/uploads\/2018\/01\/Laukiantis_2014_60x90-768x506.jpg 768w, https:\/\/daliacistovaite.com\/wp-content\/uploads\/2018\/01\/Laukiantis_2014_60x90-800x527.jpg 800w, https:\/\/daliacistovaite.com\/wp-content\/uploads\/2018\/01\/Laukiantis_2014_60x90.jpg 1460w\" sizes=\"100vw\" \/><\/a>\n\t\t\t<\/div>\n\t\t\t\t<figcaption class='wp-caption-text gallery-caption' id='gallery-1-3440'>\n\t\t\t\tLAUKIANTIS, 2014, 60X90, medis, akrilas\n\t\t\t\t<\/figcaption><\/figure><figure class='gallery-item'>\n\t\t\t<div class='gallery-icon landscape'>\n\t\t\t\t<a href='https:\/\/daliacistovaite.com\/lt\/tapyba\/mediniai\/pasamoningas_2016_60x90\/'><img width=\"400\" height=\"264\" src=\"https:\/\/daliacistovaite.com\/wp-content\/uploads\/2018\/01\/Pas\u0105moningas_2016_60x90-400x264.jpg\" class=\"attachment-medium size-medium\" alt=\"\" loading=\"lazy\" aria-describedby=\"gallery-1-3444\" srcset=\"https:\/\/daliacistovaite.com\/wp-content\/uploads\/2018\/01\/Pas\u0105moningas_2016_60x90-400x264.jpg 400w, https:\/\/daliacistovaite.com\/wp-content\/uploads\/2018\/01\/Pas\u0105moningas_2016_60x90-200x132.jpg 200w, https:\/\/daliacistovaite.com\/wp-content\/uploads\/2018\/01\/Pas\u0105moningas_2016_60x90-768x506.jpg 768w, https:\/\/daliacistovaite.com\/wp-content\/uploads\/2018\/01\/Pas\u0105moningas_2016_60x90-800x527.jpg 800w, https:\/\/daliacistovaite.com\/wp-content\/uploads\/2018\/01\/Pas\u0105moningas_2016_60x90.jpg 1460w\" sizes=\"100vw\" \/><\/a>\n\t\t\t<\/div>\n\t\t\t\t<figcaption class='wp-caption-text gallery-caption' id='gallery-1-3444'>\n\t\t\t\tPAS\u0104MONINGAS, 2016, 60X90, medis, akrilas\n\t\t\t\t<\/figcaption><\/figure><figure class='gallery-item'>\n\t\t\t<div class='gallery-icon landscape'>\n\t\t\t\t<a href='https:\/\/daliacistovaite.com\/lt\/tapyba\/mediniai\/nusvitimas_2010_30x60\/'><img width=\"400\" height=\"130\" src=\"https:\/\/daliacistovaite.com\/wp-content\/uploads\/2018\/01\/Nu\u0161vitimas_2010_30x60-400x130.jpg\" class=\"attachment-medium size-medium\" alt=\"\" loading=\"lazy\" aria-describedby=\"gallery-1-3443\" srcset=\"https:\/\/daliacistovaite.com\/wp-content\/uploads\/2018\/01\/Nu\u0161vitimas_2010_30x60-400x130.jpg 400w, https:\/\/daliacistovaite.com\/wp-content\/uploads\/2018\/01\/Nu\u0161vitimas_2010_30x60-200x65.jpg 200w, https:\/\/daliacistovaite.com\/wp-content\/uploads\/2018\/01\/Nu\u0161vitimas_2010_30x60-768x249.jpg 768w, https:\/\/daliacistovaite.com\/wp-content\/uploads\/2018\/01\/Nu\u0161vitimas_2010_30x60-800x260.jpg 800w, https:\/\/daliacistovaite.com\/wp-content\/uploads\/2018\/01\/Nu\u0161vitimas_2010_30x60.jpg 1460w\" sizes=\"100vw\" \/><\/a>\n\t\t\t<\/div>\n\t\t\t\t<figcaption class='wp-caption-text gallery-caption' id='gallery-1-3443'>\n\t\t\t\tNU\u0160VITIMAS, I, 2010, 30X60, medis, akrilas  (parduotas)\n\t\t\t\t<\/figcaption><\/figure><figure class='gallery-item'>\n\t\t\t<div class='gallery-icon landscape'>\n\t\t\t\t<a href='https:\/\/daliacistovaite.com\/lt\/tapyba\/mediniai\/sauletas_2012_90x90\/'><img width=\"400\" height=\"400\" src=\"https:\/\/daliacistovaite.com\/wp-content\/uploads\/2018\/01\/Saul\u0117tas_2012_90x90-400x400.jpg\" class=\"attachment-medium size-medium\" alt=\"\" loading=\"lazy\" aria-describedby=\"gallery-1-3449\" srcset=\"https:\/\/daliacistovaite.com\/wp-content\/uploads\/2018\/01\/Saul\u0117tas_2012_90x90-400x400.jpg 400w, https:\/\/daliacistovaite.com\/wp-content\/uploads\/2018\/01\/Saul\u0117tas_2012_90x90-200x200.jpg 200w, https:\/\/daliacistovaite.com\/wp-content\/uploads\/2018\/01\/Saul\u0117tas_2012_90x90-768x767.jpg 768w, https:\/\/daliacistovaite.com\/wp-content\/uploads\/2018\/01\/Saul\u0117tas_2012_90x90-800x800.jpg 800w, https:\/\/daliacistovaite.com\/wp-content\/uploads\/2018\/01\/Saul\u0117tas_2012_90x90-100x100.jpg 100w, https:\/\/daliacistovaite.com\/wp-content\/uploads\/2018\/01\/Saul\u0117tas_2012_90x90.jpg 1024w\" sizes=\"100vw\" \/><\/a>\n\t\t\t<\/div>\n\t\t\t\t<figcaption class='wp-caption-text gallery-caption' id='gallery-1-3449'>\n\t\t\t\tPAKRANT\u0116S LABIRINTAI. SAUL\u0116TAS, 2012, 90&#215;90, medis, akrilas, matintas stiklas\n\t\t\t\t<\/figcaption><\/figure><figure class='gallery-item'>\n\t\t\t<div class='gallery-icon portrait'>\n\t\t\t\t<a href='https:\/\/daliacistovaite.com\/lt\/tapyba\/mediniai\/ramus_2012_90x90\/'><img width=\"400\" height=\"400\" src=\"https:\/\/daliacistovaite.com\/wp-content\/uploads\/2018\/01\/Ramus_2012_90x90-400x400.jpg\" class=\"attachment-medium size-medium\" alt=\"\" loading=\"lazy\" aria-describedby=\"gallery-1-3446\" srcset=\"https:\/\/daliacistovaite.com\/wp-content\/uploads\/2018\/01\/Ramus_2012_90x90-400x400.jpg 400w, https:\/\/daliacistovaite.com\/wp-content\/uploads\/2018\/01\/Ramus_2012_90x90-200x200.jpg 200w, https:\/\/daliacistovaite.com\/wp-content\/uploads\/2018\/01\/Ramus_2012_90x90-768x769.jpg 768w, https:\/\/daliacistovaite.com\/wp-content\/uploads\/2018\/01\/Ramus_2012_90x90-800x800.jpg 800w, https:\/\/daliacistovaite.com\/wp-content\/uploads\/2018\/01\/Ramus_2012_90x90-100x100.jpg 100w, https:\/\/daliacistovaite.com\/wp-content\/uploads\/2018\/01\/Ramus_2012_90x90.jpg 1024w\" sizes=\"100vw\" \/><\/a>\n\t\t\t<\/div>\n\t\t\t\t<figcaption class='wp-caption-text gallery-caption' id='gallery-1-3446'>\n\t\t\t\tPAKRANT\u0116S LABIRINTAI. RAMUS, 2012, 90&#215;90, medis, akrilas, matintas veidrodis\n\t\t\t\t<\/figcaption><\/figure><figure class='gallery-item'>\n\t\t\t<div class='gallery-icon portrait'>\n\t\t\t\t<a href='https:\/\/daliacistovaite.com\/lt\/tapyba\/mediniai\/melynas_2014_90x90\/'><img width=\"400\" height=\"400\" src=\"https:\/\/daliacistovaite.com\/wp-content\/uploads\/2018\/01\/M\u0117lynas_2014_90x90-400x400.jpg\" class=\"attachment-medium size-medium\" alt=\"\" loading=\"lazy\" aria-describedby=\"gallery-1-3441\" srcset=\"https:\/\/daliacistovaite.com\/wp-content\/uploads\/2018\/01\/M\u0117lynas_2014_90x90-400x400.jpg 400w, https:\/\/daliacistovaite.com\/wp-content\/uploads\/2018\/01\/M\u0117lynas_2014_90x90-200x200.jpg 200w, https:\/\/daliacistovaite.com\/wp-content\/uploads\/2018\/01\/M\u0117lynas_2014_90x90-768x769.jpg 768w, https:\/\/daliacistovaite.com\/wp-content\/uploads\/2018\/01\/M\u0117lynas_2014_90x90-800x800.jpg 800w, https:\/\/daliacistovaite.com\/wp-content\/uploads\/2018\/01\/M\u0117lynas_2014_90x90-100x100.jpg 100w, https:\/\/daliacistovaite.com\/wp-content\/uploads\/2018\/01\/M\u0117lynas_2014_90x90.jpg 1024w\" sizes=\"100vw\" \/><\/a>\n\t\t\t<\/div>\n\t\t\t\t<figcaption class='wp-caption-text gallery-caption' id='gallery-1-3441'>\n\t\t\t\tPAKRANT\u0116S LABIRINTAI. M\u0116LYNAS, 2014, 90&#215;90, medis, akrilas, matintas veidrodis\n\t\t\t\t<\/figcaption><\/figure><figure class='gallery-item'>\n\t\t\t<div class='gallery-icon landscape'>\n\t\t\t\t<a href='https:\/\/daliacistovaite.com\/lt\/tapyba\/mediniai\/ankstyvas_2013_90x90\/'><img width=\"400\" height=\"400\" src=\"https:\/\/daliacistovaite.com\/wp-content\/uploads\/2018\/01\/Ankstyvas_2013_90x90-400x400.jpg\" class=\"attachment-medium size-medium\" alt=\"\" loading=\"lazy\" aria-describedby=\"gallery-1-3438\" srcset=\"https:\/\/daliacistovaite.com\/wp-content\/uploads\/2018\/01\/Ankstyvas_2013_90x90-400x400.jpg 400w, https:\/\/daliacistovaite.com\/wp-content\/uploads\/2018\/01\/Ankstyvas_2013_90x90-200x200.jpg 200w, https:\/\/daliacistovaite.com\/wp-content\/uploads\/2018\/01\/Ankstyvas_2013_90x90-768x767.jpg 768w, https:\/\/daliacistovaite.com\/wp-content\/uploads\/2018\/01\/Ankstyvas_2013_90x90-800x800.jpg 800w, https:\/\/daliacistovaite.com\/wp-content\/uploads\/2018\/01\/Ankstyvas_2013_90x90-100x100.jpg 100w, https:\/\/daliacistovaite.com\/wp-content\/uploads\/2018\/01\/Ankstyvas_2013_90x90.jpg 1024w\" sizes=\"100vw\" \/><\/a>\n\t\t\t<\/div>\n\t\t\t\t<figcaption class='wp-caption-text gallery-caption' id='gallery-1-3438'>\n\t\t\t\tPAKRANT\u0116S LABIRINTAI. ANKSTYVAS, 2013, 90&#215;90, medis, akrilas, matintas veidrodis\n\t\t\t\t<\/figcaption><\/figure><figure class='gallery-item'>\n\t\t\t<div class='gallery-icon landscape'>\n\t\t\t\t<a href='https:\/\/daliacistovaite.com\/lt\/tapyba\/akmeneliai-ir-geles\/tylus_2014_90x90\/'><img width=\"400\" height=\"400\" src=\"https:\/\/daliacistovaite.com\/wp-content\/uploads\/2018\/01\/tylus_2014_90x90-400x400.jpg\" class=\"attachment-medium size-medium\" alt=\"\" loading=\"lazy\" aria-describedby=\"gallery-1-3126\" srcset=\"https:\/\/daliacistovaite.com\/wp-content\/uploads\/2018\/01\/tylus_2014_90x90-400x400.jpg 400w, https:\/\/daliacistovaite.com\/wp-content\/uploads\/2018\/01\/tylus_2014_90x90-200x200.jpg 200w, https:\/\/daliacistovaite.com\/wp-content\/uploads\/2018\/01\/tylus_2014_90x90-768x767.jpg 768w, https:\/\/daliacistovaite.com\/wp-content\/uploads\/2018\/01\/tylus_2014_90x90-800x800.jpg 800w, https:\/\/daliacistovaite.com\/wp-content\/uploads\/2018\/01\/tylus_2014_90x90-100x100.jpg 100w\" sizes=\"100vw\" \/><\/a>\n\t\t\t<\/div>\n\t\t\t\t<figcaption class='wp-caption-text gallery-caption' id='gallery-1-3126'>\n\t\t\t\tPAKRANT\u0116S LABIRINTAI. TYLUS. 2014, 90&#215;90, medis, akrilas, matintas veidrodis\n\t\t\t\t<\/figcaption><\/figure><figure class='gallery-item'>\n\t\t\t<div class='gallery-icon portrait'>\n\t\t\t\t<a href='https:\/\/daliacistovaite.com\/lt\/tapyba\/akmeneliai-ir-geles\/svieciantis_2014_90x90\/'><img width=\"400\" height=\"400\" src=\"https:\/\/daliacistovaite.com\/wp-content\/uploads\/2018\/01\/svie\u010diantis_2014_90x90-400x400.jpg\" class=\"attachment-medium size-medium\" alt=\"\" loading=\"lazy\" aria-describedby=\"gallery-1-3127\" srcset=\"https:\/\/daliacistovaite.com\/wp-content\/uploads\/2018\/01\/svie\u010diantis_2014_90x90-400x400.jpg 400w, https:\/\/daliacistovaite.com\/wp-content\/uploads\/2018\/01\/svie\u010diantis_2014_90x90-200x200.jpg 200w, https:\/\/daliacistovaite.com\/wp-content\/uploads\/2018\/01\/svie\u010diantis_2014_90x90-768x769.jpg 768w, https:\/\/daliacistovaite.com\/wp-content\/uploads\/2018\/01\/svie\u010diantis_2014_90x90-800x800.jpg 800w, https:\/\/daliacistovaite.com\/wp-content\/uploads\/2018\/01\/svie\u010diantis_2014_90x90-100x100.jpg 100w\" sizes=\"100vw\" \/><\/a>\n\t\t\t<\/div>\n\t\t\t\t<figcaption class='wp-caption-text gallery-caption' id='gallery-1-3127'>\n\t\t\t\tPAKRANT\u0116S LABIRINTAI. \u0160VIE\u010cIANTIS. 2014, 90&#215;90, medis, akrilas, matintas veidrodis\n\t\t\t\t<\/figcaption><\/figure><figure class='gallery-item'>\n\t\t\t<div class='gallery-icon landscape'>\n\t\t\t\t<a href='https:\/\/daliacistovaite.com\/lt\/tapyba\/mediniai\/pasimetes_2015_30x60\/'><img width=\"400\" height=\"199\" src=\"https:\/\/daliacistovaite.com\/wp-content\/uploads\/2018\/01\/Pasimet\u0119s_2015_30x60-400x199.jpg\" class=\"attachment-medium size-medium\" alt=\"\" loading=\"lazy\" aria-describedby=\"gallery-1-3445\" srcset=\"https:\/\/daliacistovaite.com\/wp-content\/uploads\/2018\/01\/Pasimet\u0119s_2015_30x60-400x199.jpg 400w, https:\/\/daliacistovaite.com\/wp-content\/uploads\/2018\/01\/Pasimet\u0119s_2015_30x60-200x99.jpg 200w, https:\/\/daliacistovaite.com\/wp-content\/uploads\/2018\/01\/Pasimet\u0119s_2015_30x60-768x382.jpg 768w, https:\/\/daliacistovaite.com\/wp-content\/uploads\/2018\/01\/Pasimet\u0119s_2015_30x60-800x398.jpg 800w, https:\/\/daliacistovaite.com\/wp-content\/uploads\/2018\/01\/Pasimet\u0119s_2015_30x60.jpg 1460w\" sizes=\"100vw\" \/><\/a>\n\t\t\t<\/div>\n\t\t\t\t<figcaption class='wp-caption-text gallery-caption' id='gallery-1-3445'>\n\t\t\t\tPASIMET\u0118S, I, 2015, 30X60, medis, akrilas\n\t\t\t\t<\/figcaption><\/figure><figure class='gallery-item'>\n\t\t\t<div class='gallery-icon landscape'>\n\t\t\t\t<a href='https:\/\/daliacistovaite.com\/lt\/tapyba\/mediniai\/nekaltas_2015_30x60\/'><img width=\"400\" height=\"199\" src=\"https:\/\/daliacistovaite.com\/wp-content\/uploads\/2018\/01\/Nekaltas_2015_30x60-400x199.jpg\" class=\"attachment-medium size-medium\" alt=\"\" loading=\"lazy\" aria-describedby=\"gallery-1-3442\" srcset=\"https:\/\/daliacistovaite.com\/wp-content\/uploads\/2018\/01\/Nekaltas_2015_30x60-400x199.jpg 400w, https:\/\/daliacistovaite.com\/wp-content\/uploads\/2018\/01\/Nekaltas_2015_30x60-200x100.jpg 200w, https:\/\/daliacistovaite.com\/wp-content\/uploads\/2018\/01\/Nekaltas_2015_30x60-768x382.jpg 768w, https:\/\/daliacistovaite.com\/wp-content\/uploads\/2018\/01\/Nekaltas_2015_30x60-800x398.jpg 800w, https:\/\/daliacistovaite.com\/wp-content\/uploads\/2018\/01\/Nekaltas_2015_30x60.jpg 1460w\" sizes=\"100vw\" \/><\/a>\n\t\t\t<\/div>\n\t\t\t\t<figcaption class='wp-caption-text gallery-caption' id='gallery-1-3442'>\n\t\t\t\tNEKALTAS, II, 2015, 30X60, medis, akrilas\n\t\t\t\t<\/figcaption><\/figure><figure class='gallery-item'>\n\t\t\t<div class='gallery-icon landscape'>\n\t\t\t\t<a href='https:\/\/daliacistovaite.com\/lt\/tapyba\/mediniai\/rudeninis_2015_22x51\/'><img width=\"400\" height=\"153\" src=\"https:\/\/daliacistovaite.com\/wp-content\/uploads\/2018\/01\/Rudeninis_2015_22x51-400x153.jpg\" class=\"attachment-medium size-medium\" alt=\"\" loading=\"lazy\" aria-describedby=\"gallery-1-3447\" srcset=\"https:\/\/daliacistovaite.com\/wp-content\/uploads\/2018\/01\/Rudeninis_2015_22x51-400x153.jpg 400w, https:\/\/daliacistovaite.com\/wp-content\/uploads\/2018\/01\/Rudeninis_2015_22x51-200x77.jpg 200w, https:\/\/daliacistovaite.com\/wp-content\/uploads\/2018\/01\/Rudeninis_2015_22x51-768x294.jpg 768w, https:\/\/daliacistovaite.com\/wp-content\/uploads\/2018\/01\/Rudeninis_2015_22x51-800x306.jpg 800w, https:\/\/daliacistovaite.com\/wp-content\/uploads\/2018\/01\/Rudeninis_2015_22x51.jpg 1460w\" sizes=\"100vw\" \/><\/a>\n\t\t\t<\/div>\n\t\t\t\t<figcaption class='wp-caption-text gallery-caption' id='gallery-1-3447'>\n\t\t\t\tRUDENINIS, 2015, 22X51, medis, akrilas\n\t\t\t\t<\/figcaption><\/figure>\n\t\t<\/div>\n\n","protected":false},"excerpt":{"rendered":"","protected":false},"author":1,"featured_media":3127,"parent":1897,"menu_order":0,"comment_status":"closed","ping_status":"closed","template":"","meta":[],"categories":[205],"tags":[],"_links":{"self":[{"href":"https:\/\/daliacistovaite.com\/lt\/wp-json\/wp\/v2\/pages\/2043"}],"collection":[{"href":"https:\/\/daliacistovaite.com\/lt\/wp-json\/wp\/v2\/pages"}],"about":[{"href":"https:\/\/daliacistovaite.com\/lt\/wp-json\/wp\/v2\/types\/page"}],"author":[{"embeddable":true,"href":"https:\/\/daliacistovaite.com\/lt\/wp-json\/wp\/v2\/users\/1"}],"replies":[{"embeddable":true,"href":"https:\/\/daliacistovaite.com\/lt\/wp-json\/wp\/v2\/comments?post=2043"}],"version-history":[{"count":27,"href":"https:\/\/daliacistovaite.com\/lt\/wp-json\/wp\/v2\/pages\/2043\/revisions"}],"predecessor-version":[{"id":4547,"href":"https:\/\/daliacistovaite.com\/lt\/wp-json\/wp\/v2\/pages\/2043\/revisions\/4547"}],"up":[{"embeddable":true,"href":"https:\/\/daliacistovaite.com\/lt\/wp-json\/wp\/v2\/pages\/1897"}],"wp:featuredmedia":[{"embeddable":true,"href":"https:\/\/daliacistovaite.com\/lt\/wp-json\/wp\/v2\/media\/3127"}],"wp:attachment":[{"href":"https:\/\/daliacistovaite.com\/lt\/wp-json\/wp\/v2\/media?parent=2043"}],"wp:term":[{"taxonomy":"category","embeddable":true,"href":"https:\/\/daliacistovaite.com\/lt\/wp-json\/wp\/v2\/categories?post=2043"},{"taxonomy":"post_tag","embeddable":true,"href":"https:\/\/daliacistovaite.com\/lt\/wp-json\/wp\/v2\/tags?post=2043"}],"curies":[{"name":"wp","href":"https:\/\/api.w.org\/{rel}","templated":true}]}}