{"id":1903,"date":"2017-03-29T18:06:34","date_gmt":"2017-03-29T15:06:34","guid":{"rendered":"http:\/\/dalia.skan.us\/?page_id=1903"},"modified":"2018-03-05T12:23:51","modified_gmt":"2018-03-05T09:23:51","slug":"kontaktai","status":"publish","type":"page","link":"https:\/\/daliacistovaite.com\/lt\/kontaktai\/","title":{"rendered":"Kontaktai"},"content":{"rendered":"<p><iframe loading=\"lazy\" style=\"border: 0;\" src=\"https:\/\/www.google.com\/maps\/embed\/v1\/place?q=place_id:ChIJ4-7OiODb5EYRF26DbC1MF58&amp;key=AIzaSyAxOxkauGfxwgswFEY-X-Z3aZnOs7xXStQ&amp;language=lt\" width=\"530\" height=\"430\" frameborder=\"0\" align=\"right\" allowfullscreen=\"allowfullscreen\"><\/iframe><br \/>\nSmilties pylimo g. 10, Klaip\u0117da<br \/>\n<a title=\"mailto:daliaclotus@yahoo.com?subject=www.daliacistovaite.com\" href=\"mailto:laiskai@daliacistovaite.com?subject=www.daliacistovaite.com\">laiskai@daliacistovaite.com<\/a><br \/>\n<a href=\"tel:+37061438844\"> +37061438844<\/a><a href=\"https:\/\/m.me\/Dalios.Cistovaites.Silko.tapyba\"><br \/>\nSusisiekti per Facebook Messenger<\/a><\/p>\n<p>Visais r\u016bpimais klausimais<br \/>\npra\u0161au skambinti arba ra\u0161yti.<\/p>\n<p>[sfp-page-plugin width=340 locale=lt_LT show_posts=false url=https:\/\/www.facebook.com\/Dalios.Cistovaites.Silko.tapyba]<\/p>","protected":false},"excerpt":{"rendered":"<p>Smilties pylimo g. 10, Klaip\u0117da laiskai@daliacistovaite.com +37061438844 Susisiekti per Facebook Messenger Visais r\u016bpimais klausimais pra\u0161au skambinti arba ra\u0161yti. [sfp-page-plugin width=340 locale=lt_LT show_posts=false url=https:\/\/www.facebook.com\/Dalios.Cistovaites.Silko.tapyba]<\/p>\n","protected":false},"author":1,"featured_media":0,"parent":0,"menu_order":0,"comment_status":"closed","ping_status":"closed","template":"","meta":[],"categories":[],"tags":[],"_links":{"self":[{"href":"https:\/\/daliacistovaite.com\/lt\/wp-json\/wp\/v2\/pages\/1903"}],"collection":[{"href":"https:\/\/daliacistovaite.com\/lt\/wp-json\/wp\/v2\/pages"}],"about":[{"href":"https:\/\/daliacistovaite.com\/lt\/wp-json\/wp\/v2\/types\/page"}],"author":[{"embeddable":true,"href":"https:\/\/daliacistovaite.com\/lt\/wp-json\/wp\/v2\/users\/1"}],"replies":[{"embeddable":true,"href":"https:\/\/daliacistovaite.com\/lt\/wp-json\/wp\/v2\/comments?post=1903"}],"version-history":[{"count":40,"href":"https:\/\/daliacistovaite.com\/lt\/wp-json\/wp\/v2\/pages\/1903\/revisions"}],"predecessor-version":[{"id":4142,"href":"https:\/\/daliacistovaite.com\/lt\/wp-json\/wp\/v2\/pages\/1903\/revisions\/4142"}],"wp:attachment":[{"href":"https:\/\/daliacistovaite.com\/lt\/wp-json\/wp\/v2\/media?parent=1903"}],"wp:term":[{"taxonomy":"category","embeddable":true,"href":"https:\/\/daliacistovaite.com\/lt\/wp-json\/wp\/v2\/categories?post=1903"},{"taxonomy":"post_tag","embeddable":true,"href":"https:\/\/daliacistovaite.com\/lt\/wp-json\/wp\/v2\/tags?post=1903"}],"curies":[{"name":"wp","href":"https:\/\/api.w.org\/{rel}","templated":true}]}}