{"id":1893,"date":"2017-03-29T18:02:33","date_gmt":"2017-03-29T15:02:33","guid":{"rendered":"http:\/\/dalia.skan.us\/?page_id=1893"},"modified":"2021-03-04T11:32:25","modified_gmt":"2021-03-04T09:32:25","slug":"studija","status":"publish","type":"page","link":"https:\/\/daliacistovaite.com\/lt\/studija\/","title":{"rendered":"Studija"},"content":{"rendered":"<p><span style=\"font-size: 14pt; font-family: 'times new roman', times, serif;\"><img loading=\"lazy\" class=\"size-medium wp-image-4028 aligncenter\" src=\"http:\/\/daliacistovaite.com\/wp-content\/uploads\/2018\/02\/duru_iskaba_studija_galerija_smilties_pylimo_10_klaipeda-304x400.jpg\" alt=\"\" width=\"304\" height=\"400\" srcset=\"https:\/\/daliacistovaite.com\/wp-content\/uploads\/2018\/02\/duru_iskaba_studija_galerija_smilties_pylimo_10_klaipeda-304x400.jpg 304w, https:\/\/daliacistovaite.com\/wp-content\/uploads\/2018\/02\/duru_iskaba_studija_galerija_smilties_pylimo_10_klaipeda-152x200.jpg 152w, https:\/\/daliacistovaite.com\/wp-content\/uploads\/2018\/02\/duru_iskaba_studija_galerija_smilties_pylimo_10_klaipeda-768x1009.jpg 768w, https:\/\/daliacistovaite.com\/wp-content\/uploads\/2018\/02\/duru_iskaba_studija_galerija_smilties_pylimo_10_klaipeda-609x800.jpg 609w, https:\/\/daliacistovaite.com\/wp-content\/uploads\/2018\/02\/duru_iskaba_studija_galerija_smilties_pylimo_10_klaipeda.jpg 1461w\" sizes=\"(max-width: 304px) 100vw, 304px\" \/><\/span><br \/>\n<span style=\"font-size: 14pt; font-family: arial, helvetica, sans-serif; color: #a9a742;\">\u00a0Kvie\u010diu apsilankyti savo Studijoje &#8211; Galerijoje, kuri \u012fsik\u016brusi Klaip\u0117doje, jaukioje akmenimis gr\u012fstoje Smilties pylimo gatvel\u0117je 10-ajame name. \u010cia galima gyvai pamatyti mano k\u016brinius, \u012fsigyti patikus\u012f paveiksl\u0105, nuotrauk\u0105, \u0161ilko skar\u0105 ar u\u017esisakyti individual\u0173 k\u016brin\u012f.<\/span><\/p>\n<p><span style=\"font-size: 14pt; font-family: arial, helvetica, sans-serif; color: #a9a742;\">\u00a0<span style=\"color: #ffcc00;\">Vakarais organizuojamos suaugusi\u0173 ir vaik\u0173 menin\u0117s savirai\u0161kos grup\u0117s, tapybos ant \u0161ilko pamokos, individual\u016bs tapybos, kompozicijos mokymai ir konsultacijos, \u0161ventiniai u\u017esi\u0117mimai mergvakariams, gimtadieniams, met\u0173 \u0161vent\u0117ms, asmenin\u0117ms progoms.<\/span><\/span><\/p>\n<p><span style=\"font-size: 14pt; font-family: arial, helvetica, sans-serif; color: #c9933c;\">\u00a0<span style=\"color: #ffff99;\">Kiekvienas \u017emogus turi \u012fgimt\u0105 polink\u012f muzikai, pie\u0161imui, amatams, techninei k\u016brybai. Visi turi talent\u0173 ir geb\u0117jim\u0173. Menin\u0117 k\u016bryba ir savirai\u0161ka padeda siekti pilnatv\u0117s, patirti k\u016brybos d\u017eiaugsm\u0105, atsipalaiduoti nuo stres\u0173, lengviau ir k\u016brybi\u0161kiau spr\u0119sti gyvenimo rebusus.<br \/>\n<span style=\"color: #008000;\">\u00a0<span style=\"color: #ffcc00;\">Pla\u010diau apie u\u017esi\u0117mimus NAUJIENOSE \u201eTapybos studija kvie\u010dia \u012f dail\u0117s u\u017esi\u0117mimus\u201c<\/span><\/span><br \/>\n<\/span><\/span><\/p>\n<p style=\"text-align: center;\"><span style=\"color: #99cc00; font-size: 14pt;\">Kvie\u010diu TAI patirti!<\/span><\/p>\n<p>&nbsp;<\/p>\n<p><div id='gallery-1' class='gallery galleryid-1893 gallery-columns-3 gallery-size-full'><figure class='gallery-item'>\n\t\t\t<div class='gallery-icon landscape'>\n\t\t\t\t<a href='https:\/\/daliacistovaite.com\/lt\/studija\/_mg_0271\/'><img width=\"396\" height=\"396\" src=\"https:\/\/daliacistovaite.com\/wp-content\/uploads\/2017\/03\/MG_0271.jpg\" class=\"attachment-full size-full\" alt=\"\" loading=\"lazy\" aria-describedby=\"gallery-1-1990\" srcset=\"https:\/\/daliacistovaite.com\/wp-content\/uploads\/2017\/03\/MG_0271.jpg 396w, https:\/\/daliacistovaite.com\/wp-content\/uploads\/2017\/03\/MG_0271-100x100.jpg 100w\" sizes=\"100vw\" \/><\/a>\n\t\t\t<\/div>\n\t\t\t\t<figcaption class='wp-caption-text gallery-caption' id='gallery-1-1990'>\n\t\t\t\tD. \u010cistovait\u0117s tapybos STUDIJA-GALERIJA, Smilties pylimo g. 10, Klaip\u0117da\n\t\t\t\t<\/figcaption><\/figure><figure class='gallery-item'>\n\t\t\t<div class='gallery-icon landscape'>\n\t\t\t\t<a href='https:\/\/daliacistovaite.com\/lt\/studija\/d-cistovaites-studija-galerija-klaipedojesmilties-pylimo-102013\/'><img width=\"1024\" height=\"768\" src=\"https:\/\/daliacistovaite.com\/wp-content\/uploads\/2018\/02\/D.\u010cistovait\u0117s-Studija-Galerija-Klaip\u0117dojeSmilties-pylimo-102013.jpg\" class=\"attachment-full size-full\" alt=\"\" loading=\"lazy\" aria-describedby=\"gallery-1-4029\" srcset=\"https:\/\/daliacistovaite.com\/wp-content\/uploads\/2018\/02\/D.\u010cistovait\u0117s-Studija-Galerija-Klaip\u0117dojeSmilties-pylimo-102013.jpg 1024w, https:\/\/daliacistovaite.com\/wp-content\/uploads\/2018\/02\/D.\u010cistovait\u0117s-Studija-Galerija-Klaip\u0117dojeSmilties-pylimo-102013-200x150.jpg 200w, https:\/\/daliacistovaite.com\/wp-content\/uploads\/2018\/02\/D.\u010cistovait\u0117s-Studija-Galerija-Klaip\u0117dojeSmilties-pylimo-102013-400x300.jpg 400w, https:\/\/daliacistovaite.com\/wp-content\/uploads\/2018\/02\/D.\u010cistovait\u0117s-Studija-Galerija-Klaip\u0117dojeSmilties-pylimo-102013-768x576.jpg 768w, https:\/\/daliacistovaite.com\/wp-content\/uploads\/2018\/02\/D.\u010cistovait\u0117s-Studija-Galerija-Klaip\u0117dojeSmilties-pylimo-102013-800x600.jpg 800w\" sizes=\"100vw\" \/><\/a>\n\t\t\t<\/div>\n\t\t\t\t<figcaption class='wp-caption-text gallery-caption' id='gallery-1-4029'>\n\t\t\t\tEkspozicija, STUDIJA-GALERIJA, Smilties pylimo g. 10, Klaip\u0117da\n\t\t\t\t<\/figcaption><\/figure><figure class='gallery-item'>\n\t\t\t<div class='gallery-icon landscape'>\n\t\t\t\t<a href='https:\/\/daliacistovaite.com\/lt\/sudija2019_2\/'><img width=\"1024\" height=\"768\" src=\"https:\/\/daliacistovaite.com\/wp-content\/uploads\/2021\/03\/Sudija2019_2.jpg\" class=\"attachment-full size-full\" alt=\"\" loading=\"lazy\" aria-describedby=\"gallery-1-5224\" srcset=\"https:\/\/daliacistovaite.com\/wp-content\/uploads\/2021\/03\/Sudija2019_2.jpg 1024w, https:\/\/daliacistovaite.com\/wp-content\/uploads\/2021\/03\/Sudija2019_2-400x300.jpg 400w, https:\/\/daliacistovaite.com\/wp-content\/uploads\/2021\/03\/Sudija2019_2-800x600.jpg 800w, https:\/\/daliacistovaite.com\/wp-content\/uploads\/2021\/03\/Sudija2019_2-200x150.jpg 200w, https:\/\/daliacistovaite.com\/wp-content\/uploads\/2021\/03\/Sudija2019_2-768x576.jpg 768w\" sizes=\"100vw\" \/><\/a>\n\t\t\t<\/div>\n\t\t\t\t<figcaption class='wp-caption-text gallery-caption' id='gallery-1-5224'>\n\t\t\t\tEkspozicija, STUDIJA-GALERIJA, Smilties pylimo g. 10, Klaip\u0117da\n\t\t\t\t<\/figcaption><\/figure><figure class='gallery-item'>\n\t\t\t<div class='gallery-icon landscape'>\n\t\t\t\t<a href='https:\/\/daliacistovaite.com\/lt\/baltos_chrizantemos_2019_90_190_zorzetas1\/'><img width=\"2000\" height=\"1500\" src=\"https:\/\/daliacistovaite.com\/wp-content\/uploads\/2021\/03\/baltos_chrizantemos_2019_90_190_zorzetas1.jpg\" class=\"attachment-full size-full\" alt=\"\" loading=\"lazy\" aria-describedby=\"gallery-1-5223\" srcset=\"https:\/\/daliacistovaite.com\/wp-content\/uploads\/2021\/03\/baltos_chrizantemos_2019_90_190_zorzetas1.jpg 2000w, https:\/\/daliacistovaite.com\/wp-content\/uploads\/2021\/03\/baltos_chrizantemos_2019_90_190_zorzetas1-400x300.jpg 400w, https:\/\/daliacistovaite.com\/wp-content\/uploads\/2021\/03\/baltos_chrizantemos_2019_90_190_zorzetas1-800x600.jpg 800w, https:\/\/daliacistovaite.com\/wp-content\/uploads\/2021\/03\/baltos_chrizantemos_2019_90_190_zorzetas1-200x150.jpg 200w, https:\/\/daliacistovaite.com\/wp-content\/uploads\/2021\/03\/baltos_chrizantemos_2019_90_190_zorzetas1-768x576.jpg 768w, https:\/\/daliacistovaite.com\/wp-content\/uploads\/2021\/03\/baltos_chrizantemos_2019_90_190_zorzetas1-1536x1152.jpg 1536w\" sizes=\"100vw\" \/><\/a>\n\t\t\t<\/div>\n\t\t\t\t<figcaption class='wp-caption-text gallery-caption' id='gallery-1-5223'>\n\t\t\t\tEkspozicija, STUDIJA-GALERIJA, Smilties pylimo g. 10, Klaip\u0117da\n\t\t\t\t<\/figcaption><\/figure><figure class='gallery-item'>\n\t\t\t<div class='gallery-icon landscape'>\n\t\t\t\t<a href='https:\/\/daliacistovaite.com\/lt\/studija\/studija2016\/'><img width=\"1024\" height=\"723\" src=\"https:\/\/daliacistovaite.com\/wp-content\/uploads\/2018\/02\/Studija2016.jpg\" class=\"attachment-full size-full\" alt=\"\" loading=\"lazy\" aria-describedby=\"gallery-1-4035\" srcset=\"https:\/\/daliacistovaite.com\/wp-content\/uploads\/2018\/02\/Studija2016.jpg 1024w, https:\/\/daliacistovaite.com\/wp-content\/uploads\/2018\/02\/Studija2016-200x141.jpg 200w, https:\/\/daliacistovaite.com\/wp-content\/uploads\/2018\/02\/Studija2016-400x282.jpg 400w, https:\/\/daliacistovaite.com\/wp-content\/uploads\/2018\/02\/Studija2016-768x542.jpg 768w, https:\/\/daliacistovaite.com\/wp-content\/uploads\/2018\/02\/Studija2016-800x565.jpg 800w\" sizes=\"100vw\" \/><\/a>\n\t\t\t<\/div>\n\t\t\t\t<figcaption class='wp-caption-text gallery-caption' id='gallery-1-4035'>\n\t\t\t\tEkspozicija, STUDIJA-GALERIJA, Smilties pylimo g. 10, Klaip\u0117da\n\t\t\t\t<\/figcaption><\/figure><figure class='gallery-item'>\n\t\t\t<div class='gallery-icon landscape'>\n\t\t\t\t<a href='https:\/\/daliacistovaite.com\/lt\/studija\/studija2015det2\/'><img width=\"1024\" height=\"701\" src=\"https:\/\/daliacistovaite.com\/wp-content\/uploads\/2018\/02\/studija2015det2.jpg\" class=\"attachment-full size-full\" alt=\"\" loading=\"lazy\" aria-describedby=\"gallery-1-4034\" srcset=\"https:\/\/daliacistovaite.com\/wp-content\/uploads\/2018\/02\/studija2015det2.jpg 1024w, https:\/\/daliacistovaite.com\/wp-content\/uploads\/2018\/02\/studija2015det2-200x137.jpg 200w, https:\/\/daliacistovaite.com\/wp-content\/uploads\/2018\/02\/studija2015det2-400x274.jpg 400w, https:\/\/daliacistovaite.com\/wp-content\/uploads\/2018\/02\/studija2015det2-768x526.jpg 768w, https:\/\/daliacistovaite.com\/wp-content\/uploads\/2018\/02\/studija2015det2-800x548.jpg 800w\" sizes=\"100vw\" \/><\/a>\n\t\t\t<\/div>\n\t\t\t\t<figcaption class='wp-caption-text gallery-caption' id='gallery-1-4034'>\n\t\t\t\tInterjero fragmentas, STUDIJA-GALERIJA, Smilties pylimo g. 10, Klaip\u0117da\n\t\t\t\t<\/figcaption><\/figure><figure class='gallery-item'>\n\t\t\t<div class='gallery-icon landscape'>\n\t\t\t\t<a href='https:\/\/daliacistovaite.com\/lt\/studija\/studija2015det1\/'><img width=\"1024\" height=\"744\" src=\"https:\/\/daliacistovaite.com\/wp-content\/uploads\/2018\/02\/studija2015det1.jpg\" class=\"attachment-full size-full\" alt=\"\" loading=\"lazy\" aria-describedby=\"gallery-1-4033\" srcset=\"https:\/\/daliacistovaite.com\/wp-content\/uploads\/2018\/02\/studija2015det1.jpg 1024w, https:\/\/daliacistovaite.com\/wp-content\/uploads\/2018\/02\/studija2015det1-200x145.jpg 200w, https:\/\/daliacistovaite.com\/wp-content\/uploads\/2018\/02\/studija2015det1-400x291.jpg 400w, https:\/\/daliacistovaite.com\/wp-content\/uploads\/2018\/02\/studija2015det1-768x558.jpg 768w, https:\/\/daliacistovaite.com\/wp-content\/uploads\/2018\/02\/studija2015det1-800x581.jpg 800w\" sizes=\"100vw\" \/><\/a>\n\t\t\t<\/div>\n\t\t\t\t<figcaption class='wp-caption-text gallery-caption' id='gallery-1-4033'>\n\t\t\t\tInterjero fragmentas, STUDIJA-GALERIJA, Smilties pylimo g. 10, Klaip\u0117da\n\t\t\t\t<\/figcaption><\/figure><figure class='gallery-item'>\n\t\t\t<div class='gallery-icon landscape'>\n\t\t\t\t<a href='https:\/\/daliacistovaite.com\/lt\/studija\/v_jurate_daiva_2016\/'><img width=\"1024\" height=\"768\" src=\"https:\/\/daliacistovaite.com\/wp-content\/uploads\/2018\/02\/v_jurate_daiva_2016.jpg\" class=\"attachment-full size-full\" alt=\"\" loading=\"lazy\" aria-describedby=\"gallery-1-4036\" srcset=\"https:\/\/daliacistovaite.com\/wp-content\/uploads\/2018\/02\/v_jurate_daiva_2016.jpg 1024w, https:\/\/daliacistovaite.com\/wp-content\/uploads\/2018\/02\/v_jurate_daiva_2016-200x150.jpg 200w, https:\/\/daliacistovaite.com\/wp-content\/uploads\/2018\/02\/v_jurate_daiva_2016-400x300.jpg 400w, https:\/\/daliacistovaite.com\/wp-content\/uploads\/2018\/02\/v_jurate_daiva_2016-768x576.jpg 768w, https:\/\/daliacistovaite.com\/wp-content\/uploads\/2018\/02\/v_jurate_daiva_2016-800x600.jpg 800w\" sizes=\"100vw\" \/><\/a>\n\t\t\t<\/div>\n\t\t\t\t<figcaption class='wp-caption-text gallery-caption' id='gallery-1-4036'>\n\t\t\t\tJ\u016aRAT\u0116 ir DAIVA tapo \u0161ilk\u0105, \u0161ilko tapybos pamoka\n\t\t\t\t<\/figcaption><\/figure><figure class='gallery-item'>\n\t\t\t<div class='gallery-icon landscape'>\n\t\t\t\t<a href='https:\/\/daliacistovaite.com\/lt\/studija\/vaikai-piesia2015emilija-teja\/'><img width=\"1024\" height=\"768\" src=\"https:\/\/daliacistovaite.com\/wp-content\/uploads\/2018\/02\/vaikai-pie\u0161ia2015Emilija-T\u0117ja.jpg\" class=\"attachment-full size-full\" alt=\"\" loading=\"lazy\" aria-describedby=\"gallery-1-4037\" srcset=\"https:\/\/daliacistovaite.com\/wp-content\/uploads\/2018\/02\/vaikai-pie\u0161ia2015Emilija-T\u0117ja.jpg 1024w, https:\/\/daliacistovaite.com\/wp-content\/uploads\/2018\/02\/vaikai-pie\u0161ia2015Emilija-T\u0117ja-200x150.jpg 200w, https:\/\/daliacistovaite.com\/wp-content\/uploads\/2018\/02\/vaikai-pie\u0161ia2015Emilija-T\u0117ja-400x300.jpg 400w, https:\/\/daliacistovaite.com\/wp-content\/uploads\/2018\/02\/vaikai-pie\u0161ia2015Emilija-T\u0117ja-768x576.jpg 768w, https:\/\/daliacistovaite.com\/wp-content\/uploads\/2018\/02\/vaikai-pie\u0161ia2015Emilija-T\u0117ja-800x600.jpg 800w\" sizes=\"100vw\" \/><\/a>\n\t\t\t<\/div>\n\t\t\t\t<figcaption class='wp-caption-text gallery-caption' id='gallery-1-4037'>\n\t\t\t\tDail\u0117s u\u017esi\u0117mimai vaikams, T\u0116JA ir EMILIJA\n\t\t\t\t<\/figcaption><\/figure><figure class='gallery-item'>\n\t\t\t<div class='gallery-icon landscape'>\n\t\t\t\t<a href='https:\/\/daliacistovaite.com\/lt\/studija\/olympus-digital-camera-75\/'><img width=\"1024\" height=\"768\" src=\"https:\/\/daliacistovaite.com\/wp-content\/uploads\/2018\/02\/PC011797.jpg\" class=\"attachment-full size-full\" alt=\"\" loading=\"lazy\" aria-describedby=\"gallery-1-4031\" srcset=\"https:\/\/daliacistovaite.com\/wp-content\/uploads\/2018\/02\/PC011797.jpg 1024w, https:\/\/daliacistovaite.com\/wp-content\/uploads\/2018\/02\/PC011797-200x150.jpg 200w, https:\/\/daliacistovaite.com\/wp-content\/uploads\/2018\/02\/PC011797-400x300.jpg 400w, https:\/\/daliacistovaite.com\/wp-content\/uploads\/2018\/02\/PC011797-768x576.jpg 768w, https:\/\/daliacistovaite.com\/wp-content\/uploads\/2018\/02\/PC011797-800x600.jpg 800w\" sizes=\"100vw\" \/><\/a>\n\t\t\t<\/div>\n\t\t\t\t<figcaption class='wp-caption-text gallery-caption' id='gallery-1-4031'>\n\t\t\t\t\u0160ilko tapybos seminaras Garg\u017eduose, Vaik\u0173 bibliotekoje, 2012 m. Kurator\u0117 Danguol\u0117 Ru\u0161kien\u0117\n\t\t\t\t<\/figcaption><\/figure>\n\t\t<\/div>\n<\/p>","protected":false},"excerpt":{"rendered":"<p>\u00a0Kvie\u010diu apsilankyti savo Studijoje &#8211; Galerijoje, kuri \u012fsik\u016brusi Klaip\u0117doje, jaukioje akmenimis gr\u012fstoje Smilties pylimo gatvel\u0117je 10-ajame name. \u010cia galima gyvai pamatyti mano k\u016brinius, \u012fsigyti patikus\u012f paveiksl\u0105, nuotrauk\u0105, \u0161ilko skar\u0105 ar u\u017esisakyti individual\u0173 k\u016brin\u012f. \u00a0Vakarais organizuojamos suaugusi\u0173 ir vaik\u0173 menin\u0117s savirai\u0161kos grup\u0117s, tapybos ant \u0161ilko pamokos, individual\u016bs tapybos, kompozicijos mokymai ir konsultacijos, \u0161ventiniai u\u017esi\u0117mimai mergvakariams, gimtadieniams, &hellip; <\/p>\n<p class=\"link-more\"><a href=\"https:\/\/daliacistovaite.com\/lt\/studija\/\" class=\"more-link\">Toliau skaityti<span class=\"screen-reader-text\"> \u201eStudija\u201c<\/span><\/a><\/p>\n","protected":false},"author":1,"featured_media":0,"parent":0,"menu_order":0,"comment_status":"closed","ping_status":"closed","template":"","meta":[],"categories":[],"tags":[],"_links":{"self":[{"href":"https:\/\/daliacistovaite.com\/lt\/wp-json\/wp\/v2\/pages\/1893"}],"collection":[{"href":"https:\/\/daliacistovaite.com\/lt\/wp-json\/wp\/v2\/pages"}],"about":[{"href":"https:\/\/daliacistovaite.com\/lt\/wp-json\/wp\/v2\/types\/page"}],"author":[{"embeddable":true,"href":"https:\/\/daliacistovaite.com\/lt\/wp-json\/wp\/v2\/users\/1"}],"replies":[{"embeddable":true,"href":"https:\/\/daliacistovaite.com\/lt\/wp-json\/wp\/v2\/comments?post=1893"}],"version-history":[{"count":60,"href":"https:\/\/daliacistovaite.com\/lt\/wp-json\/wp\/v2\/pages\/1893\/revisions"}],"predecessor-version":[{"id":5454,"href":"https:\/\/daliacistovaite.com\/lt\/wp-json\/wp\/v2\/pages\/1893\/revisions\/5454"}],"wp:attachment":[{"href":"https:\/\/daliacistovaite.com\/lt\/wp-json\/wp\/v2\/media?parent=1893"}],"wp:term":[{"taxonomy":"category","embeddable":true,"href":"https:\/\/daliacistovaite.com\/lt\/wp-json\/wp\/v2\/categories?post=1893"},{"taxonomy":"post_tag","embeddable":true,"href":"https:\/\/daliacistovaite.com\/lt\/wp-json\/wp\/v2\/tags?post=1893"}],"curies":[{"name":"wp","href":"https:\/\/api.w.org\/{rel}","templated":true}]}}