{"id":1899,"date":"2017-03-29T18:05:44","date_gmt":"2017-03-29T15:05:44","guid":{"rendered":"http:\/\/dalia.skan.us\/?page_id=1899"},"modified":"2020-06-10T10:49:42","modified_gmt":"2020-06-10T08:49:42","slug":"silkas","status":"publish","type":"page","link":"https:\/\/daliacistovaite.com\/en\/silkas\/","title":{"rendered":"Silk"},"content":{"rendered":"\n        <div class=\"wp-tiles-container\">\n        \n            <div id=\"wp_tiles_1\" class=\"wp-tiles-grid wp-tiles-byline-align-bottom wp-tiles-image-animated wp-tiles-image-scale-up\">\n                        \n                <div class='wp-tiles-tile silkas' id='tile-2056'>\n                \n                    <a href=\"https:\/\/daliacistovaite.com\/en\/silkas\/saliai-skaros\/\" title=\"Shawls, scarfs\">\n                \n                        <article class='wp-tiles-tile-with-image wp-tiles-tile-wrapper' itemscope itemtype=\"http:\/\/schema.org\/CreativeWork\">\n                        \n                            <div class='wp-tiles-tile-bg'>\n\n                                <img src='https:\/\/daliacistovaite.com\/wp-content\/uploads\/2017\/03\/img_0620.jpg' class='wp-tiles-img' itemprop=\"image\" \/>\n\n                            <\/div>\n                                                \n                            <div class='wp-tiles-byline'>\n\n                                <div class='wp-tiles-byline-wrapper'>\n                                                                \n                                    <div class='wp-tiles-byline-content' itemprop=\"description\">\n                                        Shawls, scarfs\n                                    <\/div>\n                                \n                                <\/div>\n\n                            <\/div>\n                        \n                        <\/article>\n                \n                    <\/a>\n                \n                <\/div>\n            \n                <div class='wp-tiles-tile silkas' id='tile-2058'>\n                \n                    <a href=\"https:\/\/daliacistovaite.com\/en\/silkas\/silko-drabuziai\/\" title=\"Silk closing\">\n                \n                        <article class='wp-tiles-tile-with-image wp-tiles-tile-wrapper' itemscope itemtype=\"http:\/\/schema.org\/CreativeWork\">\n                        \n                            <div class='wp-tiles-tile-bg'>\n\n                                <img src='https:\/\/daliacistovaite.com\/wp-content\/uploads\/2017\/03\/juoda-chrizantema2.jpg' class='wp-tiles-img' itemprop=\"image\" \/>\n\n                            <\/div>\n                                                \n                            <div class='wp-tiles-byline'>\n\n                                <div class='wp-tiles-byline-wrapper'>\n                                                                \n                                    <div class='wp-tiles-byline-content' itemprop=\"description\">\n                                        Silk closing\n                                    <\/div>\n                                \n                                <\/div>\n\n                            <\/div>\n                        \n                        <\/article>\n                \n                    <\/a>\n                \n                <\/div>\n            \n                <div class='wp-tiles-tile silkas' id='tile-2060'>\n                \n                    <a href=\"https:\/\/daliacistovaite.com\/en\/silkas\/kiti\/\" title=\"Other\">\n                \n                        <article class='wp-tiles-tile-with-image wp-tiles-tile-wrapper' itemscope itemtype=\"http:\/\/schema.org\/CreativeWork\">\n                        \n                            <div class='wp-tiles-tile-bg'>\n\n                                <img src='https:\/\/daliacistovaite.com\/wp-content\/uploads\/2018\/02\/Geltonoji-arbata-oran\u017ein\u012f-vakar\u0105-2012-28x28-\u0161ilko-tapyba-mat.-veidrodis-aut.-r\u0117mas.jpg' class='wp-tiles-img' itemprop=\"image\" \/>\n\n                            <\/div>\n                                                \n                            <div class='wp-tiles-byline'>\n\n                                <div class='wp-tiles-byline-wrapper'>\n                                                                \n                                    <div class='wp-tiles-byline-content' itemprop=\"description\">\n                                        Other\n                                    <\/div>\n                                \n                                <\/div>\n\n                            <\/div>\n                        \n                        <\/article>\n                \n                    <\/a>\n                \n                <\/div>\n            \n            <\/div>\n\n        <\/div>\n        \n","protected":false},"excerpt":{"rendered":"","protected":false},"author":1,"featured_media":0,"parent":0,"menu_order":0,"comment_status":"closed","ping_status":"closed","template":"","meta":[],"categories":[],"tags":[],"_links":{"self":[{"href":"https:\/\/daliacistovaite.com\/en\/wp-json\/wp\/v2\/pages\/1899"}],"collection":[{"href":"https:\/\/daliacistovaite.com\/en\/wp-json\/wp\/v2\/pages"}],"about":[{"href":"https:\/\/daliacistovaite.com\/en\/wp-json\/wp\/v2\/types\/page"}],"author":[{"embeddable":true,"href":"https:\/\/daliacistovaite.com\/en\/wp-json\/wp\/v2\/users\/1"}],"replies":[{"embeddable":true,"href":"https:\/\/daliacistovaite.com\/en\/wp-json\/wp\/v2\/comments?post=1899"}],"version-history":[{"count":10,"href":"https:\/\/daliacistovaite.com\/en\/wp-json\/wp\/v2\/pages\/1899\/revisions"}],"predecessor-version":[{"id":4451,"href":"https:\/\/daliacistovaite.com\/en\/wp-json\/wp\/v2\/pages\/1899\/revisions\/4451"}],"wp:attachment":[{"href":"https:\/\/daliacistovaite.com\/en\/wp-json\/wp\/v2\/media?parent=1899"}],"wp:term":[{"taxonomy":"category","embeddable":true,"href":"https:\/\/daliacistovaite.com\/en\/wp-json\/wp\/v2\/categories?post=1899"},{"taxonomy":"post_tag","embeddable":true,"href":"https:\/\/daliacistovaite.com\/en\/wp-json\/wp\/v2\/tags?post=1899"}],"curies":[{"name":"wp","href":"https:\/\/api.w.org\/{rel}","templated":true}]}}