{"id":1897,"date":"2017-03-29T18:04:39","date_gmt":"2017-03-29T15:04:39","guid":{"rendered":"http:\/\/dalia.skan.us\/?page_id=1897"},"modified":"2018-12-27T17:16:48","modified_gmt":"2018-12-27T14:16:48","slug":"tapyba","status":"publish","type":"page","link":"https:\/\/daliacistovaite.com\/en\/tapyba\/","title":{"rendered":"Paintings"},"content":{"rendered":"\n        <div class=\"wp-tiles-container\">\n        \n            <div id=\"wp_tiles_1\" class=\"wp-tiles-grid wp-tiles-byline-align-bottom wp-tiles-image-animated wp-tiles-image-scale-up\">\n                        \n                <div class='wp-tiles-tile tapyba' id='tile-2758'>\n                \n                    <a href=\"https:\/\/daliacistovaite.com\/en\/tapyba\/homo-sapiens\/\" title=\"Portraits\">\n                \n                        <article class='wp-tiles-tile-with-image wp-tiles-tile-wrapper' itemscope itemtype=\"http:\/\/schema.org\/CreativeWork\">\n                        \n                            <div class='wp-tiles-tile-bg'>\n\n                                <img src='https:\/\/daliacistovaite.com\/wp-content\/uploads\/2017\/04\/ziemos_angelas_2015-3.jpg' class='wp-tiles-img' itemprop=\"image\" \/>\n\n                            <\/div>\n                                                \n                            <div class='wp-tiles-byline'>\n\n                                <div class='wp-tiles-byline-wrapper'>\n                                                                \n                                    <div class='wp-tiles-byline-content' itemprop=\"description\">\n                                        Portraits\n                                    <\/div>\n                                \n                                <\/div>\n\n                            <\/div>\n                        \n                        <\/article>\n                \n                    <\/a>\n                \n                <\/div>\n            \n                <div class='wp-tiles-tile tapyba' id='tile-2054'>\n                \n                    <a href=\"https:\/\/daliacistovaite.com\/en\/tapyba\/ankstyvieji\/\" title=\"Early works\">\n                \n                        <article class='wp-tiles-tile-with-image wp-tiles-tile-wrapper' itemscope itemtype=\"http:\/\/schema.org\/CreativeWork\">\n                        \n                            <div class='wp-tiles-tile-bg'>\n\n                                <img src='https:\/\/daliacistovaite.com\/wp-content\/uploads\/2018\/03\/Mama-su-k\u016bdikiu-Mother-with-Baby-1994-30x40cm-aliejus-drob\u0117.jpg' class='wp-tiles-img' itemprop=\"image\" \/>\n\n                            <\/div>\n                                                \n                            <div class='wp-tiles-byline'>\n\n                                <div class='wp-tiles-byline-wrapper'>\n                                                                \n                                    <div class='wp-tiles-byline-content' itemprop=\"description\">\n                                        Early works\n                                    <\/div>\n                                \n                                <\/div>\n\n                            <\/div>\n                        \n                        <\/article>\n                \n                    <\/a>\n                \n                <\/div>\n            \n                <div class='wp-tiles-tile tapyba' id='tile-2051'>\n                \n                    <a href=\"https:\/\/daliacistovaite.com\/en\/tapyba\/nauji\/\" title=\"New artwork\">\n                \n                        <article class='wp-tiles-tile-with-image wp-tiles-tile-wrapper' itemscope itemtype=\"http:\/\/schema.org\/CreativeWork\">\n                        \n                            <div class='wp-tiles-tile-bg'>\n\n                                <img src='https:\/\/daliacistovaite.com\/wp-content\/uploads\/2018\/10\/pasiskraidymas_virs_rojaus_gondingos-_piliakalnis_2018_110_120_drobe_aliejus_akrilas_fragm4.JPG.jpg' class='wp-tiles-img' itemprop=\"image\" \/>\n\n                            <\/div>\n                                                \n                            <div class='wp-tiles-byline'>\n\n                                <div class='wp-tiles-byline-wrapper'>\n                                                                \n                                    <div class='wp-tiles-byline-content' itemprop=\"description\">\n                                        New artwork\n                                    <\/div>\n                                \n                                <\/div>\n\n                            <\/div>\n                        \n                        <\/article>\n                \n                    <\/a>\n                \n                <\/div>\n            \n                <div class='wp-tiles-tile tapyba' id='tile-2049'>\n                \n                    <a href=\"https:\/\/daliacistovaite.com\/en\/tapyba\/mandalos\/\" title=\"Mandalas\">\n                \n                        <article class='wp-tiles-tile-with-image wp-tiles-tile-wrapper' itemscope itemtype=\"http:\/\/schema.org\/CreativeWork\">\n                        \n                            <div class='wp-tiles-tile-bg'>\n\n                                <img src='https:\/\/daliacistovaite.com\/wp-content\/uploads\/2018\/01\/\u0160altinis-The-Origin-1998-140x160cm-aliejus-drob\u0117.jpg' class='wp-tiles-img' itemprop=\"image\" \/>\n\n                            <\/div>\n                                                \n                            <div class='wp-tiles-byline'>\n\n                                <div class='wp-tiles-byline-wrapper'>\n                                                                \n                                    <div class='wp-tiles-byline-content' itemprop=\"description\">\n                                        Mandalas\n                                    <\/div>\n                                \n                                <\/div>\n\n                            <\/div>\n                        \n                        <\/article>\n                \n                    <\/a>\n                \n                <\/div>\n            \n                <div class='wp-tiles-tile tapyba' id='tile-2045'>\n                \n                    <a href=\"https:\/\/daliacistovaite.com\/en\/tapyba\/peizazai\/\" title=\"Landscapes\">\n                \n                        <article class='wp-tiles-tile-with-image wp-tiles-tile-wrapper' itemscope itemtype=\"http:\/\/schema.org\/CreativeWork\">\n                        \n                            <div class='wp-tiles-tile-bg'>\n\n                                <img src='https:\/\/daliacistovaite.com\/wp-content\/uploads\/2018\/01\/U\u017epali\u0173-rugiai-1993-35x50cm-drob\u0117-aliejus-1.jpg' class='wp-tiles-img' itemprop=\"image\" \/>\n\n                            <\/div>\n                                                \n                            <div class='wp-tiles-byline'>\n\n                                <div class='wp-tiles-byline-wrapper'>\n                                                                \n                                    <div class='wp-tiles-byline-content' itemprop=\"description\">\n                                        Landscapes\n                                    <\/div>\n                                \n                                <\/div>\n\n                            <\/div>\n                        \n                        <\/article>\n                \n                    <\/a>\n                \n                <\/div>\n            \n                <div class='wp-tiles-tile tapyba' id='tile-2043'>\n                \n                    <a href=\"https:\/\/daliacistovaite.com\/en\/tapyba\/mediniai\/\" title=\"On wood\">\n                \n                        <article class='wp-tiles-tile-with-image wp-tiles-tile-wrapper' itemscope itemtype=\"http:\/\/schema.org\/CreativeWork\">\n                        \n                            <div class='wp-tiles-tile-bg'>\n\n                                <img src='https:\/\/daliacistovaite.com\/wp-content\/uploads\/2018\/01\/svie\u010diantis_2014_90x90.jpg' class='wp-tiles-img' itemprop=\"image\" \/>\n\n                            <\/div>\n                                                \n                            <div class='wp-tiles-byline'>\n\n                                <div class='wp-tiles-byline-wrapper'>\n                                                                \n                                    <div class='wp-tiles-byline-content' itemprop=\"description\">\n                                        On wood\n                                    <\/div>\n                                \n                                <\/div>\n\n                            <\/div>\n                        \n                        <\/article>\n                \n                    <\/a>\n                \n                <\/div>\n            \n                <div class='wp-tiles-tile tapyba' id='tile-2041'>\n                \n                    <a href=\"https:\/\/daliacistovaite.com\/en\/tapyba\/tuniso-mozaika\/\" title=\"Tunisian tiles\">\n                \n                        <article class='wp-tiles-tile-with-image wp-tiles-tile-wrapper' itemscope itemtype=\"http:\/\/schema.org\/CreativeWork\">\n                        \n                            <div class='wp-tiles-tile-bg'>\n\n                                <img src='https:\/\/daliacistovaite.com\/wp-content\/uploads\/2017\/03\/11-6.jpg' class='wp-tiles-img' itemprop=\"image\" \/>\n\n                            <\/div>\n                                                \n                            <div class='wp-tiles-byline'>\n\n                                <div class='wp-tiles-byline-wrapper'>\n                                                                \n                                    <div class='wp-tiles-byline-content' itemprop=\"description\">\n                                        Tunisian tiles\n                                    <\/div>\n                                \n                                <\/div>\n\n                            <\/div>\n                        \n                        <\/article>\n                \n                    <\/a>\n                \n                <\/div>\n            \n                <div class='wp-tiles-tile tapyba' id='tile-2039'>\n                \n                    <a href=\"https:\/\/daliacistovaite.com\/en\/tapyba\/akmeneliai-ir-geles\/\" title=\"Pebbles and flowers\">\n                \n                        <article class='wp-tiles-tile-with-image wp-tiles-tile-wrapper' itemscope itemtype=\"http:\/\/schema.org\/CreativeWork\">\n                        \n                            <div class='wp-tiles-tile-bg'>\n\n                                <img src='https:\/\/daliacistovaite.com\/wp-content\/uploads\/2018\/01\/vasaros_meditacija.jpg' class='wp-tiles-img' itemprop=\"image\" \/>\n\n                            <\/div>\n                                                \n                            <div class='wp-tiles-byline'>\n\n                                <div class='wp-tiles-byline-wrapper'>\n                                                                \n                                    <div class='wp-tiles-byline-content' itemprop=\"description\">\n                                        Pebbles and flowers\n                                    <\/div>\n                                \n                                <\/div>\n\n                            <\/div>\n                        \n                        <\/article>\n                \n                    <\/a>\n                \n                <\/div>\n            \n                <div class='wp-tiles-tile tapyba' id='tile-2037'>\n                \n                    <a href=\"https:\/\/daliacistovaite.com\/en\/tapyba\/rytietiski\/\" title=\"Oriental\">\n                \n                        <article class='wp-tiles-tile-with-image wp-tiles-tile-wrapper' itemscope itemtype=\"http:\/\/schema.org\/CreativeWork\">\n                        \n                            <div class='wp-tiles-tile-bg'>\n\n                                <img src='https:\/\/daliacistovaite.com\/wp-content\/uploads\/2018\/01\/D_Cistovaite_Kama_sutra_2_2009_27X27_acrylic_on_canvas.jpg' class='wp-tiles-img' itemprop=\"image\" \/>\n\n                            <\/div>\n                                                \n                            <div class='wp-tiles-byline'>\n\n                                <div class='wp-tiles-byline-wrapper'>\n                                                                \n                                    <div class='wp-tiles-byline-content' itemprop=\"description\">\n                                        Oriental\n                                    <\/div>\n                                \n                                <\/div>\n\n                            <\/div>\n                        \n                        <\/article>\n                \n                    <\/a>\n                \n                <\/div>\n            \n                <div class='wp-tiles-tile tapyba' id='tile-2035'>\n                \n                    <a href=\"https:\/\/daliacistovaite.com\/en\/tapyba\/abstraktus\/\" title=\"Abstracts\">\n                \n                        <article class='wp-tiles-tile-with-image wp-tiles-tile-wrapper' itemscope itemtype=\"http:\/\/schema.org\/CreativeWork\">\n                        \n                            <div class='wp-tiles-tile-bg'>\n\n                                <img src='https:\/\/daliacistovaite.com\/wp-content\/uploads\/2017\/03\/13.jpg' class='wp-tiles-img' itemprop=\"image\" \/>\n\n                            <\/div>\n                                                \n                            <div class='wp-tiles-byline'>\n\n                                <div class='wp-tiles-byline-wrapper'>\n                                                                \n                                    <div class='wp-tiles-byline-content' itemprop=\"description\">\n                                        Abstracts\n                                    <\/div>\n                                \n                                <\/div>\n\n                            <\/div>\n                        \n                        <\/article>\n                \n                    <\/a>\n                \n                <\/div>\n            \n                <div class='wp-tiles-tile tapyba' id='tile-2047'>\n                \n                    <a href=\"https:\/\/daliacistovaite.com\/en\/tapyba\/kiti\/\" title=\"Other\">\n                \n                        <article class='wp-tiles-tile-with-image wp-tiles-tile-wrapper' itemscope itemtype=\"http:\/\/schema.org\/CreativeWork\">\n                        \n                            <div class='wp-tiles-tile-bg'>\n\n                                <img src='https:\/\/daliacistovaite.com\/wp-content\/uploads\/2018\/01\/amzina_kelione.jpg' class='wp-tiles-img' itemprop=\"image\" \/>\n\n                            <\/div>\n                                                \n                            <div class='wp-tiles-byline'>\n\n                                <div class='wp-tiles-byline-wrapper'>\n                                                                \n                                    <div class='wp-tiles-byline-content' itemprop=\"description\">\n                                        Other\n                                    <\/div>\n                                \n                                <\/div>\n\n                            <\/div>\n                        \n                        <\/article>\n                \n                    <\/a>\n                \n                <\/div>\n            \n            <\/div>\n\n        <\/div>\n        \n","protected":false},"excerpt":{"rendered":"","protected":false},"author":1,"featured_media":0,"parent":0,"menu_order":0,"comment_status":"closed","ping_status":"closed","template":"","meta":[],"categories":[],"tags":[],"_links":{"self":[{"href":"https:\/\/daliacistovaite.com\/en\/wp-json\/wp\/v2\/pages\/1897"}],"collection":[{"href":"https:\/\/daliacistovaite.com\/en\/wp-json\/wp\/v2\/pages"}],"about":[{"href":"https:\/\/daliacistovaite.com\/en\/wp-json\/wp\/v2\/types\/page"}],"author":[{"embeddable":true,"href":"https:\/\/daliacistovaite.com\/en\/wp-json\/wp\/v2\/users\/1"}],"replies":[{"embeddable":true,"href":"https:\/\/daliacistovaite.com\/en\/wp-json\/wp\/v2\/comments?post=1897"}],"version-history":[{"count":60,"href":"https:\/\/daliacistovaite.com\/en\/wp-json\/wp\/v2\/pages\/1897\/revisions"}],"predecessor-version":[{"id":4424,"href":"https:\/\/daliacistovaite.com\/en\/wp-json\/wp\/v2\/pages\/1897\/revisions\/4424"}],"wp:attachment":[{"href":"https:\/\/daliacistovaite.com\/en\/wp-json\/wp\/v2\/media?parent=1897"}],"wp:term":[{"taxonomy":"category","embeddable":true,"href":"https:\/\/daliacistovaite.com\/en\/wp-json\/wp\/v2\/categories?post=1897"},{"taxonomy":"post_tag","embeddable":true,"href":"https:\/\/daliacistovaite.com\/en\/wp-json\/wp\/v2\/tags?post=1897"}],"curies":[{"name":"wp","href":"https:\/\/api.w.org\/{rel}","templated":true}]}}